{"id":3096,"date":"2023-07-20T07:31:49","date_gmt":"2023-07-20T07:31:49","guid":{"rendered":"https:\/\/smartecarte.com\/cookie-declaration\/"},"modified":"2023-11-15T10:46:33","modified_gmt":"2023-11-15T10:46:33","slug":"cookie-declaration","status":"publish","type":"page","link":"https:\/\/smartecarte.com\/es\/cookie-declaration\/","title":{"rendered":"Declaraci\u00f3n de \u00abcookies\u00bb"},"content":{"rendered":"\t\t<div data-elementor-type=\"wp-page\" data-elementor-id=\"3096\" class=\"elementor elementor-3096 elementor-2362\">\n\t\t\t\t\t\t<section class=\"elementor-section elementor-top-section elementor-element elementor-element-6ed649b elementor-section-boxed elementor-section-height-default elementor-section-height-default\" data-id=\"6ed649b\" data-element_type=\"section\" data-e-type=\"section\">\n\t\t\t\t\t\t<div class=\"elementor-container elementor-column-gap-default\">\n\t\t\t\t\t<div class=\"elementor-column elementor-col-100 elementor-top-column elementor-element elementor-element-7a969d0\" data-id=\"7a969d0\" data-element_type=\"column\" data-e-type=\"column\">\n\t\t\t<div class=\"elementor-widget-wrap elementor-element-populated\">\n\t\t\t\t\t\t<div class=\"elementor-element elementor-element-8c55967 elementor-widget elementor-widget-heading\" data-id=\"8c55967\" data-element_type=\"widget\" data-e-type=\"widget\" data-widget_type=\"heading.default\">\n\t\t\t\t<div class=\"elementor-widget-container\">\n\t\t\t\t\t<h2 class=\"elementor-heading-title elementor-size-default\">Pol\u00edtica de \u00abcookies\u00bb<\/h2>\t\t\t\t<\/div>\n\t\t\t\t<\/div>\n\t\t\t\t<div class=\"elementor-element elementor-element-08a3797 elementor-widget elementor-widget-text-editor\" data-id=\"08a3797\" data-element_type=\"widget\" data-e-type=\"widget\" data-widget_type=\"text-editor.default\">\n\t\t\t\t<div class=\"elementor-widget-container\">\n\t\t\t\t\t\t\t\t\t<p>\u00daltima actualizaci\u00f3n: julio de 2023<\/p>\n<h3 class=\"text-left space-top-40 text-no-margin\">\u00bfQu\u00e9 son las \u00abcookies\u00bb?<\/h3>\n<p>Esta pol\u00edtica de \u00abcookies\u00bb explica qu\u00e9 son las \u00abcookies\u00bb, c\u00f3mo las utilizamos, los tipos de \u00abcookies\u00bb que utilizamos, es decir, la informaci\u00f3n que recopilamos utilizando \u00abcookies\u00bb, y c\u00f3mo se emplea dicha informaci\u00f3n, adem\u00e1s de c\u00f3mo gestionar la configuraci\u00f3n de las \u00abcookies\u00bb. Las \u00abcookies\u00bb son peque\u00f1os archivos de texto que se utilizan para almacenar peque\u00f1as piezas de informaci\u00f3n. Se guardan en su dispositivo cuando se carga el sitio web en su navegador. Estas \u00abcookies\u00bb nos ayudan a hacer que el sitio web funcione correctamente, a hacerlo m\u00e1s seguro, a proporcionar una mejor experiencia de usuario y a comprender c\u00f3mo funciona el sitio web, adem\u00e1s de a analizar qu\u00e9 funciona y qu\u00e9 se debe mejorar.<\/p>\n<h3 class=\"text-left space-top-40 text-no-margin\">\u00bfC\u00f3mo utilizamos las \u00abcookies\u00bb?<\/h3>\n<p class=\"text-left text-no-margin\">Como la mayor\u00eda de los servicios en l\u00ednea, nuestro sitio web usa \u00abcookies\u00bb de origen y de terceros para varios fines. Las \u00abcookies\u00bb de origen son en su mayor\u00eda necesarias para que el sitio web funcione correctamente, y no recopilan ninguno de sus datos personales identificables. Las \u00abcookies\u00bb de terceros utilizadas en nuestro sitio web sirven principalmente para entender c\u00f3mo funciona el sitio web, c\u00f3mo interact\u00faa usted con nuestro sitio web, mantener la seguridad de nuestros servicios, ofrecerle anuncios que sean relevantes para usted y, en general, proporcionarle una experiencia de usuario mejor y m\u00e1s r\u00e1pida, as\u00ed como ayudarle a agilizar sus futuras interacciones con nuestro sitio web.<\/p>\n<h3 class=\"text-left space-top-40 text-no-margin\">Tipos de \u00abcookies\u00bb que utilizamos<\/h3>\n<p class=\"text-left text-no-margin\">En nuestros servicios utilizamos las \u00abcookies\u00bb que se describen a continuaci\u00f3n.<\/p>\n<p><strong>Estrictamente necesarias:\u00a0<\/strong>las \u00abcookies\u00bb necesarias se requieren para habilitar las funciones b\u00e1sicas de esta p\u00e1gina, como proporcionar un registro seguro o ajustar sus preferencias de consentimiento. Estas \u00abcookies\u00bb no almacenan ning\u00fan dato personal identificable.<\/p>\n<p>\u200d<strong>Funcionales:<\/strong>\u00a0las \u00abcookies\u00bb funcionales ayudan a realizar ciertas funciones como compartir el contenido del sitio web en plataformas de medios sociales, recopilar opiniones y otras funciones de terceros.<strong><\/p>\n<p>Anal\u00edticas:\u00a0<\/strong>las \u00abcookies\u00bb anal\u00edticas se usan para entender c\u00f3mo interact\u00faan los visitantes con el sitio web. Estas \u00abcookies\u00bb ayudan a proporcionar informaci\u00f3n sobre par\u00e1metros como el n\u00famero de visitantes, la tasa de rebote, el origen del tr\u00e1fico, etc.<strong><\/p>\n<p>Rendimiento:\u00a0<\/strong>las \u00abcookies\u00bb de rendimiento se usan para entender y analizar los principales \u00edndices de rendimiento del sitio web, lo que ayuda a ofrecer una mejor experiencia del usuario a los visitantes.<\/p>\n<p>\u200d<strong>Publicidad:\u00a0<\/strong>las \u00abcookies\u00bb de publicidad se usan para proporcionar a los visitantes anuncios personalizados en funci\u00f3n de las p\u00e1ginas que haya visitado previamente y para analizar la eficacia de las campa\u00f1as publicitarias.<\/p>\n\t\t\t\t\t\t\t\t<\/div>\n\t\t\t\t<\/div>\n\t\t\t\t<div class=\"elementor-element elementor-element-ccfad6d elementor-widget elementor-widget-html\" data-id=\"ccfad6d\" data-element_type=\"widget\" data-e-type=\"widget\" data-widget_type=\"html.default\">\n\t\t\t\t<div class=\"elementor-widget-container\">\n\t\t\t\t\t<div class=\"cky-audit-table-element\"><\/div>\t\t\t\t<\/div>\n\t\t\t\t<\/div>\n\t\t\t\t\t<\/div>\n\t\t<\/div>\n\t\t\t\t\t<\/div>\n\t\t<\/section>\n\t\t\t\t<\/div>\n\t\t","protected":false},"excerpt":{"rendered":"<p>Pol\u00edtica de \u00abcookies\u00bb \u00daltima actualizaci\u00f3n: julio de 2023 \u00bfQu\u00e9 son las \u00abcookies\u00bb? Esta pol\u00edtica de \u00abcookies\u00bb explica qu\u00e9 son las \u00abcookies\u00bb, c\u00f3mo las utilizamos, los tipos de \u00abcookies\u00bb que utilizamos, es decir, la informaci\u00f3n que recopilamos utilizando \u00abcookies\u00bb, y c\u00f3mo se emplea dicha informaci\u00f3n, adem\u00e1s de c\u00f3mo gestionar la configuraci\u00f3n de las \u00abcookies\u00bb. Las \u00abcookies\u00bb [&hellip;]<\/p>\n","protected":false},"author":3,"featured_media":0,"parent":0,"menu_order":0,"comment_status":"closed","ping_status":"closed","template":"","meta":{"_acf_changed":false,"content-type":"","inline_featured_image":false,"footnotes":""},"class_list":["post-3096","page","type-page","status-publish","hentry"],"acf":[],"yoast_head":"<!-- This site is optimized with the Yoast SEO plugin v27.2 - https:\/\/yoast.com\/product\/yoast-seo-wordpress\/ -->\n<title>Declaraci\u00f3n de \u00abcookies\u00bb - Smartecarte<\/title>\n<meta name=\"robots\" content=\"index, follow, max-snippet:-1, max-image-preview:large, max-video-preview:-1\" \/>\n<link rel=\"canonical\" href=\"https:\/\/smartecarte.com\/cookie-declaration\/\" \/>\n<meta property=\"og:locale\" content=\"es_ES\" \/>\n<meta property=\"og:type\" content=\"article\" \/>\n<meta property=\"og:title\" content=\"Declaraci\u00f3n de \u00abcookies\u00bb - Smartecarte\" \/>\n<meta property=\"og:description\" content=\"Pol\u00edtica de \u00abcookies\u00bb \u00daltima actualizaci\u00f3n: julio de 2023 \u00bfQu\u00e9 son las \u00abcookies\u00bb? Esta pol\u00edtica de \u00abcookies\u00bb explica qu\u00e9 son las \u00abcookies\u00bb, c\u00f3mo las utilizamos, los tipos de \u00abcookies\u00bb que utilizamos, es decir, la informaci\u00f3n que recopilamos utilizando \u00abcookies\u00bb, y c\u00f3mo se emplea dicha informaci\u00f3n, adem\u00e1s de c\u00f3mo gestionar la configuraci\u00f3n de las \u00abcookies\u00bb. Las \u00abcookies\u00bb [&hellip;]\" \/>\n<meta property=\"og:url\" content=\"https:\/\/smartecarte.com\/cookie-declaration\/\" \/>\n<meta property=\"og:site_name\" content=\"Smartecarte\" \/>\n<meta property=\"article:modified_time\" content=\"2023-11-15T10:46:33+00:00\" \/>\n<meta name=\"twitter:card\" content=\"summary_large_image\" \/>\n<meta name=\"twitter:label1\" content=\"Tiempo de lectura\" \/>\n\t<meta name=\"twitter:data1\" content=\"2 minutos\" \/>\n<script type=\"application\/ld+json\" class=\"yoast-schema-graph\">{\"@context\":\"https:\/\/schema.org\",\"@graph\":[{\"@type\":\"WebPage\",\"@id\":\"https:\/\/smartecarte.com\/cookie-declaration\/\",\"url\":\"https:\/\/smartecarte.com\/cookie-declaration\/\",\"name\":\"Declaraci\u00f3n de \u00abcookies\u00bb - Smartecarte\",\"isPartOf\":{\"@id\":\"https:\/\/smartecarte.com\/#website\"},\"datePublished\":\"2023-07-20T07:31:49+00:00\",\"dateModified\":\"2023-11-15T10:46:33+00:00\",\"breadcrumb\":{\"@id\":\"https:\/\/smartecarte.com\/cookie-declaration\/#breadcrumb\"},\"inLanguage\":\"es\",\"potentialAction\":[{\"@type\":\"ReadAction\",\"target\":[\"https:\/\/smartecarte.com\/cookie-declaration\/\"]}]},{\"@type\":\"BreadcrumbList\",\"@id\":\"https:\/\/smartecarte.com\/cookie-declaration\/#breadcrumb\",\"itemListElement\":[{\"@type\":\"ListItem\",\"position\":1,\"name\":\"Home\",\"item\":\"https:\/\/smartecarte.com\/\"},{\"@type\":\"ListItem\",\"position\":2,\"name\":\"Declaraci\u00f3n de \u00abcookies\u00bb\"}]},{\"@type\":\"WebSite\",\"@id\":\"https:\/\/smartecarte.com\/#website\",\"url\":\"https:\/\/smartecarte.com\/\",\"name\":\"Smartecarte\",\"description\":\"Transforming Travel and Leisure Worldwide\",\"publisher\":{\"@id\":\"https:\/\/smartecarte.com\/#organization\"},\"potentialAction\":[{\"@type\":\"SearchAction\",\"target\":{\"@type\":\"EntryPoint\",\"urlTemplate\":\"https:\/\/smartecarte.com\/?s={search_term_string}\"},\"query-input\":{\"@type\":\"PropertyValueSpecification\",\"valueRequired\":true,\"valueName\":\"search_term_string\"}}],\"inLanguage\":\"es\"},{\"@type\":\"Organization\",\"@id\":\"https:\/\/smartecarte.com\/#organization\",\"name\":\"Smartecarte\",\"url\":\"https:\/\/smartecarte.com\/\",\"logo\":{\"@type\":\"ImageObject\",\"inLanguage\":\"es\",\"@id\":\"https:\/\/smartecarte.com\/#\/schema\/logo\/image\/\",\"url\":\"https:\/\/smartecarte.com\/wp-content\/uploads\/2023\/04\/Logo-5-1.png\",\"contentUrl\":\"https:\/\/smartecarte.com\/wp-content\/uploads\/2023\/04\/Logo-5-1.png\",\"width\":300,\"height\":48,\"caption\":\"Smartecarte\"},\"image\":{\"@id\":\"https:\/\/smartecarte.com\/#\/schema\/logo\/image\/\"}}]}<\/script>\n<!-- \/ Yoast SEO plugin. -->","yoast_head_json":{"title":"Declaraci\u00f3n de \u00abcookies\u00bb - Smartecarte","robots":{"index":"index","follow":"follow","max-snippet":"max-snippet:-1","max-image-preview":"max-image-preview:large","max-video-preview":"max-video-preview:-1"},"canonical":"https:\/\/smartecarte.com\/cookie-declaration\/","og_locale":"es_ES","og_type":"article","og_title":"Declaraci\u00f3n de \u00abcookies\u00bb - Smartecarte","og_description":"Pol\u00edtica de \u00abcookies\u00bb \u00daltima actualizaci\u00f3n: julio de 2023 \u00bfQu\u00e9 son las \u00abcookies\u00bb? Esta pol\u00edtica de \u00abcookies\u00bb explica qu\u00e9 son las \u00abcookies\u00bb, c\u00f3mo las utilizamos, los tipos de \u00abcookies\u00bb que utilizamos, es decir, la informaci\u00f3n que recopilamos utilizando \u00abcookies\u00bb, y c\u00f3mo se emplea dicha informaci\u00f3n, adem\u00e1s de c\u00f3mo gestionar la configuraci\u00f3n de las \u00abcookies\u00bb. Las \u00abcookies\u00bb [&hellip;]","og_url":"https:\/\/smartecarte.com\/cookie-declaration\/","og_site_name":"Smartecarte","article_modified_time":"2023-11-15T10:46:33+00:00","twitter_card":"summary_large_image","twitter_misc":{"Tiempo de lectura":"2 minutos"},"schema":{"@context":"https:\/\/schema.org","@graph":[{"@type":"WebPage","@id":"https:\/\/smartecarte.com\/cookie-declaration\/","url":"https:\/\/smartecarte.com\/cookie-declaration\/","name":"Declaraci\u00f3n de \u00abcookies\u00bb - Smartecarte","isPartOf":{"@id":"https:\/\/smartecarte.com\/#website"},"datePublished":"2023-07-20T07:31:49+00:00","dateModified":"2023-11-15T10:46:33+00:00","breadcrumb":{"@id":"https:\/\/smartecarte.com\/cookie-declaration\/#breadcrumb"},"inLanguage":"es","potentialAction":[{"@type":"ReadAction","target":["https:\/\/smartecarte.com\/cookie-declaration\/"]}]},{"@type":"BreadcrumbList","@id":"https:\/\/smartecarte.com\/cookie-declaration\/#breadcrumb","itemListElement":[{"@type":"ListItem","position":1,"name":"Home","item":"https:\/\/smartecarte.com\/"},{"@type":"ListItem","position":2,"name":"Declaraci\u00f3n de \u00abcookies\u00bb"}]},{"@type":"WebSite","@id":"https:\/\/smartecarte.com\/#website","url":"https:\/\/smartecarte.com\/","name":"Smartecarte","description":"Transforming Travel and Leisure Worldwide","publisher":{"@id":"https:\/\/smartecarte.com\/#organization"},"potentialAction":[{"@type":"SearchAction","target":{"@type":"EntryPoint","urlTemplate":"https:\/\/smartecarte.com\/?s={search_term_string}"},"query-input":{"@type":"PropertyValueSpecification","valueRequired":true,"valueName":"search_term_string"}}],"inLanguage":"es"},{"@type":"Organization","@id":"https:\/\/smartecarte.com\/#organization","name":"Smartecarte","url":"https:\/\/smartecarte.com\/","logo":{"@type":"ImageObject","inLanguage":"es","@id":"https:\/\/smartecarte.com\/#\/schema\/logo\/image\/","url":"https:\/\/smartecarte.com\/wp-content\/uploads\/2023\/04\/Logo-5-1.png","contentUrl":"https:\/\/smartecarte.com\/wp-content\/uploads\/2023\/04\/Logo-5-1.png","width":300,"height":48,"caption":"Smartecarte"},"image":{"@id":"https:\/\/smartecarte.com\/#\/schema\/logo\/image\/"}}]}},"featured_image_src":null,"featured_image_src_square":null,"_links":{"self":[{"href":"https:\/\/smartecarte.com\/es\/wp-json\/wp\/v2\/pages\/3096","targetHints":{"allow":["GET"]}}],"collection":[{"href":"https:\/\/smartecarte.com\/es\/wp-json\/wp\/v2\/pages"}],"about":[{"href":"https:\/\/smartecarte.com\/es\/wp-json\/wp\/v2\/types\/page"}],"author":[{"embeddable":true,"href":"https:\/\/smartecarte.com\/es\/wp-json\/wp\/v2\/users\/3"}],"replies":[{"embeddable":true,"href":"https:\/\/smartecarte.com\/es\/wp-json\/wp\/v2\/comments?post=3096"}],"version-history":[{"count":0,"href":"https:\/\/smartecarte.com\/es\/wp-json\/wp\/v2\/pages\/3096\/revisions"}],"wp:attachment":[{"href":"https:\/\/smartecarte.com\/es\/wp-json\/wp\/v2\/media?parent=3096"}],"curies":[{"name":"wp","href":"https:\/\/api.w.org\/{rel}","templated":true}]}}