{"id":3097,"date":"2023-07-11T06:49:05","date_gmt":"2023-07-11T06:49:05","guid":{"rendered":"https:\/\/smartecarte.com\/terms-and-conditions\/"},"modified":"2024-06-03T12:21:06","modified_gmt":"2024-06-03T12:21:06","slug":"terms-and-conditions","status":"publish","type":"page","link":"https:\/\/smartecarte.com\/es\/terms-and-conditions\/","title":{"rendered":"T\u00e9rminos y condiciones"},"content":{"rendered":"\t\t<div data-elementor-type=\"wp-page\" data-elementor-id=\"3097\" class=\"elementor elementor-3097 elementor-2163\">\n\t\t\t\t\t\t<section class=\"elementor-section elementor-top-section elementor-element elementor-element-ebc9681 elementor-section-boxed elementor-section-height-default elementor-section-height-default\" data-id=\"ebc9681\" data-element_type=\"section\" data-e-type=\"section\">\n\t\t\t\t\t\t<div class=\"elementor-container elementor-column-gap-default\">\n\t\t\t\t\t<div class=\"elementor-column elementor-col-100 elementor-top-column elementor-element elementor-element-1aed708\" data-id=\"1aed708\" data-element_type=\"column\" data-e-type=\"column\">\n\t\t\t<div class=\"elementor-widget-wrap elementor-element-populated\">\n\t\t\t\t\t\t<div class=\"elementor-element elementor-element-717380e elementor-widget elementor-widget-heading\" data-id=\"717380e\" data-element_type=\"widget\" data-e-type=\"widget\" data-widget_type=\"heading.default\">\n\t\t\t\t<div class=\"elementor-widget-container\">\n\t\t\t\t\t<h2 class=\"elementor-heading-title elementor-size-default\">Condiciones de uso de Smartecarte<\/h2>\t\t\t\t<\/div>\n\t\t\t\t<\/div>\n\t\t\t\t<div class=\"elementor-element elementor-element-913646f policy elementor-widget elementor-widget-text-editor\" data-id=\"913646f\" data-element_type=\"widget\" data-e-type=\"widget\" data-widget_type=\"text-editor.default\">\n\t\t\t\t<div class=\"elementor-widget-container\">\n\t\t\t\t\t\t\t\t\t<p><em>V\u00e1lido a partir del 10 de julio de 2023<\/em><\/p>\n<h3><strong>1.Introducci\u00f3n<\/strong><\/h3>\n<p>1.1 Lea atentamente las siguientes condiciones de uso.<\/p>\n<p>1.2 En estas condiciones de uso:<\/p>\n<ul>\n<li>\u00ab<strong>nosotros<\/strong>\u00bb, \u00ab<strong>nuestro<\/strong>\u00bb y \u00ab<strong>nos<\/strong>\u00bb significa [ \u25cf ] una empresa registrada en los Estados Unidos de Am\u00e9rica. Nuestro domicilio social se encuentra en [ \u25cf ].<\/li>\n<li>(b) \u00ab<strong>usted<\/strong>\u00bb y \u00ab<strong>su<\/strong>\u00bb significa un usuario del sitio web  <a href=\"https:\/\/smartecarte.com\/es\/\"><span style=\"text-decoration: underline;\">https:\/\/smartecarte.com\/<\/span><\/a> y sus subdominios (el \u00ab<strong>Sitio web<\/strong>\u00bb).<\/li>\n<\/ul>\n<p>1.3 Las presentes condiciones de uso establecen los t\u00e9rminos y condiciones con arreglo a los cuales nosotros nos comprometemos a estar disponibles y usted se compromete a acceder al sitio web y a usarlo.<\/p>\n<h3><strong>2. Aceptaci\u00f3n de las condiciones de uso<\/strong><\/h3>\n<p>1.4 Al utilizar el sitio web, usted acepta estar legalmente vinculado por estas condiciones de uso y acepta el procesamiento de sus datos personales de acuerdo con nuestra <a href=\"https:\/\/smartecarte.com\/es\/privacy-policy\/\">pol\u00edtica de privacidad <\/a><\/p>\n<p>[Link to URL of Privacy Policy]1.5 Si no est\u00e1 de acuerdo con estas condiciones de uso o con nuestra pol\u00edtica de privacidad, no debe usar el sitio web.<\/p>\n<p><strong>Guarde y\/o imprima una copia de estas condiciones de uso y de nuestra <a href=\"https:\/\/smartecarte.com\/es\/privacy-policy\/\">pol\u00edtica de privacidad [Link toURL of Privacy Policy<\/a><\/strong><strong>] para su futura referencia.<\/strong><\/p>\n<h3><strong>3.Enmiendas a las condiciones de uso<\/strong><\/h3>\n<p>3.1 Nos reservamos el derecho de modificar estas condiciones de uso cada cierto tiempo. Si lo hacemos, publicaremos los cambios en el sitio web. Es su responsabilidad comprobar el sitio web peri\u00f3dicamente para ver si se han producido cambios en estas condiciones de uso. La fecha que aparece en la parte superior de esta p\u00e1gina web indica cu\u00e1ndo se actualizaron por \u00faltima vez estas condiciones de uso. Las modificaciones de las presentes condiciones de uso entrar\u00e1n en vigor [ \u25cf ] d\u00edas despu\u00e9s de la fecha en que publiquemos las modificaciones en el sitio web, y a partir de entonces regir\u00e1n la relaci\u00f3n entre usted y nosotros en lo que respecta al uso que usted haga del sitio web. Si no est\u00e1 de acuerdo con las condiciones de uso modificadas, no debe continuar usando el sitio web despu\u00e9s de la fecha en la que las modificaciones entren en vigor.<\/p>\n<h3><strong>4.Sus obligaciones<\/strong><\/h3>\n<p>4.1 Usted se compromete a no hacer lo siguiente:<\/p>\n<p>(a) usar o acceder al sitio web con fines fraudulentos o il\u00edcitos;<\/p>\n<p>(b) usar o acceder al sitio web para hacerse pasar por cualquier persona o entidad;<\/p>\n<p>(c) interferir o interrumpir el funcionamiento del sitio web o el acceso al mismo;<\/p>\n<p>(d) transmitir o hacer disponible de cualquier otro modo, en relaci\u00f3n con el sitio web o el acceso al mismo, cualquier virus, gusano, caballo de Troya, bomba de relojer\u00eda, programa esp\u00eda u otro c\u00f3digo, archivo o programa inform\u00e1tico da\u00f1ino;<\/p>\n<p>(e) restringir o inhibir la capacidad de cualquier otra persona para acceder o usar el sitio web;<\/p>\n<p>(f) modificar, adaptar o traducir cualquier parte del sitio web;<\/p>\n<p>(g) quitar, ocultar o modificar cualquier aviso de derechos de autor, marca comercial u otros derechos de propiedad del sitio web;<\/p>\n<h3><strong>5.Enlaces<\/strong><\/h3>\n<p>5.1 Ocasionalmente, el sitio web puede incluir enlaces a sitios web de terceros. Estos enlaces se proporcionan solo para su comodidad y no significan que respaldemos dichos sitios web de terceros. No revisamos dichos sitios web de terceros y usted reconoce y acepta lo siguiente:<\/p>\n<p>(a) no somos responsables de dichos sitios web, incluyendo las condiciones en las que se hacen disponibles y las pol\u00edticas de privacidad de dichos sitios web, y no controlamos su contenido o disponibilidad;<\/p>\n<p>(b) no hacemos ninguna declaraci\u00f3n, garant\u00eda o condici\u00f3n, ya sea expresa o impl\u00edcita, en relaci\u00f3n con los productos o servicios o la informaci\u00f3n recibida de dichos sitios web; y si accede a cualquiera de dichos sitios web, lo hace por su cuenta y riesgo.<\/p>\n<p>5.2 [Puede incluir enlaces al sitio web en otro sitio web siempre que reconozca y acepte lo siguiente:<\/p>\n<p>(a) no garantizamos que el sitio web vaya a estar disponible de forma continua (por lo que es posible que dichos enlaces no siempre funcionen);<\/p>\n<p>(b) no introducir\u00e1 dichos enlaces en ning\u00fan sitio web que contenga contenidos ilegales, que infrinjan derechos, como los derechos de propiedad intelectual, de terceros o que contengan contenidos para adultos;<\/p>\n<p>(c) nos reservamos el derecho a oponernos a tales enlaces y a exigirle que los elimine].<\/p>\n<p>[O]<\/p>\n<p>5.2 [No podr\u00e1 enmarcar, vincular o establecer un enlace profundo entre el sitio web y cualquier otro sitio web sin nuestro consentimiento previo por escrito. Si desea enmarcar o establecer un enlace o v\u00ednculo profundo con nuestro sitio web, p\u00f3ngase en contacto con <a href=\"mailto:marketing@smartecarte.com\">marketing@smartecarte.com<\/a><\/p>\n<h3><strong>6. Descargo de responsabilidad legal<\/strong><\/h3>\n<p>6.1 Nada de lo dispuesto en las presentes condiciones de uso tiene por objeto excluir o limitar nuestra responsabilidad por muerte o da\u00f1os personales causados por nuestra negligencia, por declaraci\u00f3n fraudulenta o por cualquier otra responsabilidad que no pueda excluirse o limitarse por ley.<\/p>\n<p>6.2 Salvo lo dispuesto expresamente en las presentes condiciones de uso, el sitio web est\u00e1 disponible para usted \u00aben las condiciones presentes\u00bb. Declinamos y no aceptamos ninguna responsabilidad ante usted en relaci\u00f3n con el sitio web, el uso que haga de \u00e9l o de cualquier otro modo. Es responsabilidad suya garantizar que el sitio web es apto para los fines previstos. No aceptamos ninguna responsabilidad en cuanto a la aptitud o adecuaci\u00f3n del sitio web para satisfacer sus necesidades y excluimos en la m\u00e1xima medida permitida por la ley todas las garant\u00edas expresas o impl\u00edcitas, representaciones, condiciones o t\u00e9rminos. No ofrecemos ninguna garant\u00eda:<\/p>\n<p>(a) que el acceso al sitio web ser\u00e1 ininterrumpido o estar\u00e1 libre de errores;<\/p>\n<p>(b) que el sitio web y\/o el servidor inform\u00e1tico desde el que se hace disponible el sitio web est\u00e1n libres de virus u otros componentes da\u00f1inos; o <\/p>\n<p>(c) en cuanto a la exactitud, el contenido, la puntualidad, la exhaustividad, la fiabilidad, la calidad o la aptitud de cualquier contenido incluido o entregado a trav\u00e9s del sitio web o puesto a disposici\u00f3n de otro modo en relaci\u00f3n con el sitio web.<\/p>\n<p>6.3 Tambi\u00e9n reconoce y acepta que el funcionamiento del sitio web depende del funcionamiento correcto y eficaz de Internet y de otros equipos y servicios de terceros, y que no garantizamos ni seremos responsables de ellos en modo alguno.<\/p>\n<p>6.4 [Sujeto a la cl\u00e1usula 6.1, y sin limitaci\u00f3n a la cl\u00e1usula 6.2, no seremos responsables ante usted de ninguna p\u00e9rdida o da\u00f1o especial, indirecto o consecuente, ni de ninguna p\u00e9rdida de datos, ganancias, ingresos, empresa o fondo de comercio].<\/p>\n<h3><strong>7.Derechos de propiedad intelectual<\/strong><\/h3>\n<p>Los derechos de propiedad intelectual del sitio web y los derechos de autor de todo el material almacenado, mostrado y accesible en el sitio web nos pertenecen o est\u00e1n debidamente licenciados por terceros. Todos estos derechos est\u00e1n reservados.<\/p>\n<h3><strong>8.Legislaci\u00f3n aplicable<\/strong><\/h3>\n<p>Estas condiciones de uso y cualquier disputa o reclamaci\u00f3n que surja de o en relaci\u00f3n con estas condiciones de uso o su asunto (incluyendo disputas o reclamaciones no contractuales) est\u00e1n sujetas a la ley de Minnesota y a la jurisdicci\u00f3n exclusiva de los tribunales de Minnesota.<\/p>\n\t\t\t\t\t\t\t\t<\/div>\n\t\t\t\t<\/div>\n\t\t\t\t<div class=\"elementor-element elementor-element-6dc917b elementor-widget elementor-widget-html\" data-id=\"6dc917b\" data-element_type=\"widget\" data-e-type=\"widget\" data-widget_type=\"html.default\">\n\t\t\t\t<div class=\"elementor-widget-container\">\n\t\t\t\t\t<div class=\"modal fade airport-popup \" id=\"baggageModal\" tabindex=\"-1\" role=\"dialog\" aria-labelledby=\"baggageModal\" aria-hidden=\"true\">\r\n  <div class=\"modal-dialog\">\r\n    <div class=\"modal-content\">\r\n      <div class=\"modal-header\">\r\n        <h4 class=\"modal-title\" id=\"myModalLabel\">Contact Us<\/h4>\r\n        <button type=\"button\" class=\"close\" data-dismiss=\"modal\" aria-label=\"Close\">\r\n          <span aria-hidden=\"true\">\u00d7<\/span>\r\n        <\/button>\r\n      <\/div>\r\n      <div class=\"modal-body\">\r\n        <script charset=\"utf-8\" type=\"text\/javascript\" src=\"\/\/js.hsforms.net\/forms\/embed\/v2.js\"><\/script>\r\n<script>\r\n  hbspt.forms.create({\r\n    region: \"na1\",\r\n    portalId: \"5752400\",\r\n    formId: \"f4e12b17-8d17-4052-935c-08589800013d\"\r\n  });\r\n<\/script>\r\n      <\/div>\r\n    <\/div>\r\n  <\/div>\r\n<\/div>\r\n<a onmouseenter=\"question2.play()\" onmouseleave=\"question2.stop()\" class=\"products-link\" href=\"https:\/\/smartecarte.com\/es\/contact\/\" data-toggle=\"modal\" data-target=\"#baggageModal\">CONTACT US\r\n<lottie-player id=\"question2\" src=\"\/wp-content\/themes\/smarte-carte\/images\/side-arrow-animation.json\" background=\"transparent\" speed=\"1\"><\/lottie-player>\r\n<\/a>\t\t\t\t<\/div>\n\t\t\t\t<\/div>\n\t\t\t\t\t<\/div>\n\t\t<\/div>\n\t\t\t\t\t<\/div>\n\t\t<\/section>\n\t\t\t\t<\/div>\n\t\t","protected":false},"excerpt":{"rendered":"<p>Condiciones de uso de Smartecarte V\u00e1lido a partir del 10 de julio de 2023 1.Introducci\u00f3n 1.1 Lea atentamente las siguientes condiciones de uso. 1.2 En estas condiciones de uso: \u00abnosotros\u00bb, \u00abnuestro\u00bb y \u00abnos\u00bb significa [ \u25cf ] una empresa registrada en los Estados Unidos de Am\u00e9rica. Nuestro domicilio social se encuentra en [ \u25cf ]. [&hellip;]<\/p>\n","protected":false},"author":3,"featured_media":0,"parent":0,"menu_order":0,"comment_status":"closed","ping_status":"closed","template":"page-smarte.php","meta":{"_acf_changed":false,"content-type":"","inline_featured_image":false,"footnotes":""},"class_list":["post-3097","page","type-page","status-publish","hentry"],"acf":[],"yoast_head":"<!-- This site is optimized with the Yoast SEO plugin v27.2 - https:\/\/yoast.com\/product\/yoast-seo-wordpress\/ -->\n<title>T\u00e9rminos y condiciones - Smartecarte<\/title>\n<meta name=\"robots\" content=\"index, follow, max-snippet:-1, max-image-preview:large, max-video-preview:-1\" \/>\n<link rel=\"canonical\" href=\"https:\/\/smartecarte.com\/terms-and-conditions\/\" \/>\n<meta property=\"og:locale\" content=\"es_ES\" \/>\n<meta property=\"og:type\" content=\"article\" \/>\n<meta property=\"og:title\" content=\"T\u00e9rminos y condiciones - Smartecarte\" \/>\n<meta property=\"og:description\" content=\"Condiciones de uso de Smartecarte V\u00e1lido a partir del 10 de julio de 2023 1.Introducci\u00f3n 1.1 Lea atentamente las siguientes condiciones de uso. 1.2 En estas condiciones de uso: \u00abnosotros\u00bb, \u00abnuestro\u00bb y \u00abnos\u00bb significa [ \u25cf ] una empresa registrada en los Estados Unidos de Am\u00e9rica. Nuestro domicilio social se encuentra en [ \u25cf ]. [&hellip;]\" \/>\n<meta property=\"og:url\" content=\"https:\/\/smartecarte.com\/terms-and-conditions\/\" \/>\n<meta property=\"og:site_name\" content=\"Smartecarte\" \/>\n<meta property=\"article:modified_time\" content=\"2024-06-03T12:21:06+00:00\" \/>\n<meta name=\"twitter:card\" content=\"summary_large_image\" \/>\n<meta name=\"twitter:label1\" content=\"Tiempo de lectura\" \/>\n\t<meta name=\"twitter:data1\" content=\"5 minutos\" \/>\n<script type=\"application\/ld+json\" class=\"yoast-schema-graph\">{\"@context\":\"https:\/\/schema.org\",\"@graph\":[{\"@type\":\"WebPage\",\"@id\":\"https:\/\/smartecarte.com\/terms-and-conditions\/\",\"url\":\"https:\/\/smartecarte.com\/terms-and-conditions\/\",\"name\":\"T\u00e9rminos y condiciones - Smartecarte\",\"isPartOf\":{\"@id\":\"https:\/\/smartecarte.com\/#website\"},\"datePublished\":\"2023-07-11T06:49:05+00:00\",\"dateModified\":\"2024-06-03T12:21:06+00:00\",\"breadcrumb\":{\"@id\":\"https:\/\/smartecarte.com\/terms-and-conditions\/#breadcrumb\"},\"inLanguage\":\"es\",\"potentialAction\":[{\"@type\":\"ReadAction\",\"target\":[\"https:\/\/smartecarte.com\/terms-and-conditions\/\"]}]},{\"@type\":\"BreadcrumbList\",\"@id\":\"https:\/\/smartecarte.com\/terms-and-conditions\/#breadcrumb\",\"itemListElement\":[{\"@type\":\"ListItem\",\"position\":1,\"name\":\"Home\",\"item\":\"https:\/\/smartecarte.com\/\"},{\"@type\":\"ListItem\",\"position\":2,\"name\":\"T\u00e9rminos y condiciones\"}]},{\"@type\":\"WebSite\",\"@id\":\"https:\/\/smartecarte.com\/#website\",\"url\":\"https:\/\/smartecarte.com\/\",\"name\":\"Smartecarte\",\"description\":\"Transforming Travel and Leisure Worldwide\",\"publisher\":{\"@id\":\"https:\/\/smartecarte.com\/#organization\"},\"potentialAction\":[{\"@type\":\"SearchAction\",\"target\":{\"@type\":\"EntryPoint\",\"urlTemplate\":\"https:\/\/smartecarte.com\/?s={search_term_string}\"},\"query-input\":{\"@type\":\"PropertyValueSpecification\",\"valueRequired\":true,\"valueName\":\"search_term_string\"}}],\"inLanguage\":\"es\"},{\"@type\":\"Organization\",\"@id\":\"https:\/\/smartecarte.com\/#organization\",\"name\":\"Smartecarte\",\"url\":\"https:\/\/smartecarte.com\/\",\"logo\":{\"@type\":\"ImageObject\",\"inLanguage\":\"es\",\"@id\":\"https:\/\/smartecarte.com\/#\/schema\/logo\/image\/\",\"url\":\"https:\/\/smartecarte.com\/wp-content\/uploads\/2023\/04\/Logo-5-1.png\",\"contentUrl\":\"https:\/\/smartecarte.com\/wp-content\/uploads\/2023\/04\/Logo-5-1.png\",\"width\":300,\"height\":48,\"caption\":\"Smartecarte\"},\"image\":{\"@id\":\"https:\/\/smartecarte.com\/#\/schema\/logo\/image\/\"}}]}<\/script>\n<!-- \/ Yoast SEO plugin. -->","yoast_head_json":{"title":"T\u00e9rminos y condiciones - Smartecarte","robots":{"index":"index","follow":"follow","max-snippet":"max-snippet:-1","max-image-preview":"max-image-preview:large","max-video-preview":"max-video-preview:-1"},"canonical":"https:\/\/smartecarte.com\/terms-and-conditions\/","og_locale":"es_ES","og_type":"article","og_title":"T\u00e9rminos y condiciones - Smartecarte","og_description":"Condiciones de uso de Smartecarte V\u00e1lido a partir del 10 de julio de 2023 1.Introducci\u00f3n 1.1 Lea atentamente las siguientes condiciones de uso. 1.2 En estas condiciones de uso: \u00abnosotros\u00bb, \u00abnuestro\u00bb y \u00abnos\u00bb significa [ \u25cf ] una empresa registrada en los Estados Unidos de Am\u00e9rica. Nuestro domicilio social se encuentra en [ \u25cf ]. [&hellip;]","og_url":"https:\/\/smartecarte.com\/terms-and-conditions\/","og_site_name":"Smartecarte","article_modified_time":"2024-06-03T12:21:06+00:00","twitter_card":"summary_large_image","twitter_misc":{"Tiempo de lectura":"5 minutos"},"schema":{"@context":"https:\/\/schema.org","@graph":[{"@type":"WebPage","@id":"https:\/\/smartecarte.com\/terms-and-conditions\/","url":"https:\/\/smartecarte.com\/terms-and-conditions\/","name":"T\u00e9rminos y condiciones - Smartecarte","isPartOf":{"@id":"https:\/\/smartecarte.com\/#website"},"datePublished":"2023-07-11T06:49:05+00:00","dateModified":"2024-06-03T12:21:06+00:00","breadcrumb":{"@id":"https:\/\/smartecarte.com\/terms-and-conditions\/#breadcrumb"},"inLanguage":"es","potentialAction":[{"@type":"ReadAction","target":["https:\/\/smartecarte.com\/terms-and-conditions\/"]}]},{"@type":"BreadcrumbList","@id":"https:\/\/smartecarte.com\/terms-and-conditions\/#breadcrumb","itemListElement":[{"@type":"ListItem","position":1,"name":"Home","item":"https:\/\/smartecarte.com\/"},{"@type":"ListItem","position":2,"name":"T\u00e9rminos y condiciones"}]},{"@type":"WebSite","@id":"https:\/\/smartecarte.com\/#website","url":"https:\/\/smartecarte.com\/","name":"Smartecarte","description":"Transforming Travel and Leisure Worldwide","publisher":{"@id":"https:\/\/smartecarte.com\/#organization"},"potentialAction":[{"@type":"SearchAction","target":{"@type":"EntryPoint","urlTemplate":"https:\/\/smartecarte.com\/?s={search_term_string}"},"query-input":{"@type":"PropertyValueSpecification","valueRequired":true,"valueName":"search_term_string"}}],"inLanguage":"es"},{"@type":"Organization","@id":"https:\/\/smartecarte.com\/#organization","name":"Smartecarte","url":"https:\/\/smartecarte.com\/","logo":{"@type":"ImageObject","inLanguage":"es","@id":"https:\/\/smartecarte.com\/#\/schema\/logo\/image\/","url":"https:\/\/smartecarte.com\/wp-content\/uploads\/2023\/04\/Logo-5-1.png","contentUrl":"https:\/\/smartecarte.com\/wp-content\/uploads\/2023\/04\/Logo-5-1.png","width":300,"height":48,"caption":"Smartecarte"},"image":{"@id":"https:\/\/smartecarte.com\/#\/schema\/logo\/image\/"}}]}},"featured_image_src":null,"featured_image_src_square":null,"_links":{"self":[{"href":"https:\/\/smartecarte.com\/es\/wp-json\/wp\/v2\/pages\/3097","targetHints":{"allow":["GET"]}}],"collection":[{"href":"https:\/\/smartecarte.com\/es\/wp-json\/wp\/v2\/pages"}],"about":[{"href":"https:\/\/smartecarte.com\/es\/wp-json\/wp\/v2\/types\/page"}],"author":[{"embeddable":true,"href":"https:\/\/smartecarte.com\/es\/wp-json\/wp\/v2\/users\/3"}],"replies":[{"embeddable":true,"href":"https:\/\/smartecarte.com\/es\/wp-json\/wp\/v2\/comments?post=3097"}],"version-history":[{"count":0,"href":"https:\/\/smartecarte.com\/es\/wp-json\/wp\/v2\/pages\/3097\/revisions"}],"wp:attachment":[{"href":"https:\/\/smartecarte.com\/es\/wp-json\/wp\/v2\/media?parent=3097"}],"curies":[{"name":"wp","href":"https:\/\/api.w.org\/{rel}","templated":true}]}}