{"id":3698,"date":"2023-07-20T07:31:49","date_gmt":"2023-07-20T07:31:49","guid":{"rendered":"https:\/\/smartecarte.com\/cookie-declaration\/"},"modified":"2023-11-15T11:21:24","modified_gmt":"2023-11-15T11:21:24","slug":"cookie-declaration","status":"publish","type":"page","link":"https:\/\/smartecarte.com\/sv\/cookie-declaration\/","title":{"rendered":"Cookie-meddelande"},"content":{"rendered":"\t\t<div data-elementor-type=\"wp-page\" data-elementor-id=\"3698\" class=\"elementor elementor-3698 elementor-2362\">\n\t\t\t\t\t\t<section class=\"elementor-section elementor-top-section elementor-element elementor-element-6ed649b elementor-section-boxed elementor-section-height-default elementor-section-height-default\" data-id=\"6ed649b\" data-element_type=\"section\" data-e-type=\"section\">\n\t\t\t\t\t\t<div class=\"elementor-container elementor-column-gap-default\">\n\t\t\t\t\t<div class=\"elementor-column elementor-col-100 elementor-top-column elementor-element elementor-element-7a969d0\" data-id=\"7a969d0\" data-element_type=\"column\" data-e-type=\"column\">\n\t\t\t<div class=\"elementor-widget-wrap elementor-element-populated\">\n\t\t\t\t\t\t<div class=\"elementor-element elementor-element-8c55967 elementor-widget elementor-widget-heading\" data-id=\"8c55967\" data-element_type=\"widget\" data-e-type=\"widget\" data-widget_type=\"heading.default\">\n\t\t\t\t<div class=\"elementor-widget-container\">\n\t\t\t\t\t<h2 class=\"elementor-heading-title elementor-size-default\">Policy f\u00f6r cookies<\/h2>\t\t\t\t<\/div>\n\t\t\t\t<\/div>\n\t\t\t\t<div class=\"elementor-element elementor-element-08a3797 elementor-widget elementor-widget-text-editor\" data-id=\"08a3797\" data-element_type=\"widget\" data-e-type=\"widget\" data-widget_type=\"text-editor.default\">\n\t\t\t\t<div class=\"elementor-widget-container\">\n\t\t\t\t\t\t\t\t\t<p>Senast uppdaterad: juli 2023<\/p>\n<h3 class=\"text-left space-top-40 text-no-margin\">Vad \u00e4r cookies?<\/h3>\n<p>Denna cookie-policy f\u00f6rklarar vad cookies \u00e4r och hur vi anv\u00e4nder dem, vilka typer av cookies vi anv\u00e4nder, dvs. den information vi samlar in med hj\u00e4lp av cookies och hur den informationen anv\u00e4nds och hur du hanterar cookie-inst\u00e4llningarna. Cookies \u00e4r sm\u00e5 textfiler som anv\u00e4nds f\u00f6r att lagra sm\u00e5 bitar av information. De lagras p\u00e5 din enhet n\u00e4r webbplatsen laddas i din webbl\u00e4sare. Dessa cookies hj\u00e4lper oss att f\u00e5 webbplatsen att fungera korrekt, g\u00f6ra den s\u00e4krare, ge b\u00e4ttre anv\u00e4ndarupplevelse och f\u00f6rst\u00e5 hur webbplatsen fungerar och att analysera vad som fungerar och var det beh\u00f6vs f\u00f6rb\u00e4ttringar.<\/p>\n<h3 class=\"text-left space-top-40 text-no-margin\">Hur anv\u00e4nder vi cookies?<\/h3>\n<p class=\"text-left text-no-margin\">Som de flesta onlinetj\u00e4nster anv\u00e4nder v\u00e5r webbplats cookies fr\u00e5n f\u00f6rsta part och tredje part f\u00f6r flera olika \u00e4ndam\u00e5l. F\u00f6rstapartscookies \u00e4r mestadels n\u00f6dv\u00e4ndiga f\u00f6r att webbplatsen ska fungera p\u00e5 r\u00e4tt s\u00e4tt och de samlar inte in n\u00e5gra av dina personligt identifierbara data. De cookies fr\u00e5n tredje part som anv\u00e4nds p\u00e5 v\u00e5r webbplats \u00e4r fr\u00e4mst f\u00f6r att f\u00f6rst\u00e5 hur webbplatsen fungerar, hur du interagerar med v\u00e5r webbplats, f\u00f6r att h\u00e5lla v\u00e5ra tj\u00e4nster s\u00e4kra, tillhandah\u00e5lla annonser som \u00e4r relevanta f\u00f6r dig och allt som allt ge dig en b\u00e4ttre och f\u00f6rb\u00e4ttrad anv\u00e4ndarupplevelse och hj\u00e4lpa till att p\u00e5skynda dina framtida interaktioner med v\u00e5r webbplats.<\/p>\n<h3 class=\"text-left space-top-40 text-no-margin\">Typer av cookies vi anv\u00e4nder<\/h3>\n<p class=\"text-left text-no-margin\">Vi anv\u00e4nder de cookies som beskrivs nedan p\u00e5 v\u00e5ra tj\u00e4nster:<\/p>\n<p><strong>Strikt n\u00f6dv\u00e4ndiga:\u00a0<\/strong>N\u00f6dv\u00e4ndiga cookies kr\u00e4vs f\u00f6r att aktivera de grundl\u00e4ggande funktionerna p\u00e5 denna webbplats, till exempel att tillhandah\u00e5lla s\u00e4ker inloggning eller justera dina samtyckesinst\u00e4llningar. Dessa cookies lagrar inte n\u00e5gra personligt identifierbara uppgifter.<\/p>\n<p>\u200d<strong>Funktionella:<\/strong>\u00a0Funktionella cookies hj\u00e4lper till att utf\u00f6ra vissa funktioner som att dela inneh\u00e5llet p\u00e5 webbplatsen p\u00e5 sociala medieplattformar, samla in feedback och andra tredjepartsfunktioner.<strong><\/p>\n<p>Analytiska:\u00a0<\/strong>Analytiska cookies anv\u00e4nds f\u00f6r att f\u00f6rst\u00e5 hur bes\u00f6kare interagerar med webbplatsen. Dessa cookies hj\u00e4lper till att ge information om m\u00e4tv\u00e4rden som antal bes\u00f6kare, avvisningsfrekvens, trafikk\u00e4lla etc.<strong><\/p>\n<p>Prestanda:\u00a0<\/strong>Prestandacookies anv\u00e4nds f\u00f6r att f\u00f6rst\u00e5 och analysera de viktigaste prestandaindexen p\u00e5 webbplatsen, vilket hj\u00e4lper till att leverera en b\u00e4ttre anv\u00e4ndarupplevelse f\u00f6r bes\u00f6karna.<\/p>\n<p><strong>Reklam:\u00a0<\/strong>Reklamcookies anv\u00e4nds f\u00f6r att ge bes\u00f6kare anpassad reklam baserat p\u00e5 de sidor de bes\u00f6kt tidigare och f\u00f6r att analysera effektiviteten hos reklamkampanjer.<\/p>\n\t\t\t\t\t\t\t\t<\/div>\n\t\t\t\t<\/div>\n\t\t\t\t<div class=\"elementor-element elementor-element-ccfad6d elementor-widget elementor-widget-html\" data-id=\"ccfad6d\" data-element_type=\"widget\" data-e-type=\"widget\" data-widget_type=\"html.default\">\n\t\t\t\t<div class=\"elementor-widget-container\">\n\t\t\t\t\t<div class=\"cky-audit-table-element\"><\/div>\t\t\t\t<\/div>\n\t\t\t\t<\/div>\n\t\t\t\t\t<\/div>\n\t\t<\/div>\n\t\t\t\t\t<\/div>\n\t\t<\/section>\n\t\t\t\t<\/div>\n\t\t","protected":false},"excerpt":{"rendered":"<p>Policy f\u00f6r cookies Senast uppdaterad: juli 2023 Vad \u00e4r cookies? Denna cookie-policy f\u00f6rklarar vad cookies \u00e4r och hur vi anv\u00e4nder dem, vilka typer av cookies vi anv\u00e4nder, dvs. den information vi samlar in med hj\u00e4lp av cookies och hur den informationen anv\u00e4nds och hur du hanterar cookie-inst\u00e4llningarna. Cookies \u00e4r sm\u00e5 textfiler som anv\u00e4nds f\u00f6r att [&hellip;]<\/p>\n","protected":false},"author":3,"featured_media":0,"parent":0,"menu_order":0,"comment_status":"closed","ping_status":"closed","template":"","meta":{"_acf_changed":false,"content-type":"","inline_featured_image":false,"footnotes":""},"class_list":["post-3698","page","type-page","status-publish","hentry"],"acf":[],"yoast_head":"<!-- This site is optimized with the Yoast SEO plugin v27.2 - https:\/\/yoast.com\/product\/yoast-seo-wordpress\/ -->\n<title>Cookie-meddelande - Smartecarte<\/title>\n<meta name=\"robots\" content=\"index, follow, max-snippet:-1, max-image-preview:large, max-video-preview:-1\" \/>\n<link rel=\"canonical\" href=\"https:\/\/smartecarte.com\/cookie-declaration\/\" \/>\n<meta property=\"og:locale\" content=\"sv_SE\" \/>\n<meta property=\"og:type\" content=\"article\" \/>\n<meta property=\"og:title\" content=\"Cookie-meddelande - Smartecarte\" \/>\n<meta property=\"og:description\" content=\"Policy f\u00f6r cookies Senast uppdaterad: juli 2023 Vad \u00e4r cookies? Denna cookie-policy f\u00f6rklarar vad cookies \u00e4r och hur vi anv\u00e4nder dem, vilka typer av cookies vi anv\u00e4nder, dvs. den information vi samlar in med hj\u00e4lp av cookies och hur den informationen anv\u00e4nds och hur du hanterar cookie-inst\u00e4llningarna. Cookies \u00e4r sm\u00e5 textfiler som anv\u00e4nds f\u00f6r att [&hellip;]\" \/>\n<meta property=\"og:url\" content=\"https:\/\/smartecarte.com\/cookie-declaration\/\" \/>\n<meta property=\"og:site_name\" content=\"Smartecarte\" \/>\n<meta property=\"article:modified_time\" content=\"2023-11-15T11:21:24+00:00\" \/>\n<meta name=\"twitter:card\" content=\"summary_large_image\" \/>\n<meta name=\"twitter:label1\" content=\"Ber\u00e4knad l\u00e4stid\" \/>\n\t<meta name=\"twitter:data1\" content=\"2 minuter\" \/>\n<script type=\"application\/ld+json\" class=\"yoast-schema-graph\">{\"@context\":\"https:\/\/schema.org\",\"@graph\":[{\"@type\":\"WebPage\",\"@id\":\"https:\/\/smartecarte.com\/cookie-declaration\/\",\"url\":\"https:\/\/smartecarte.com\/cookie-declaration\/\",\"name\":\"Cookie-meddelande - Smartecarte\",\"isPartOf\":{\"@id\":\"https:\/\/smartecarte.com\/#website\"},\"datePublished\":\"2023-07-20T07:31:49+00:00\",\"dateModified\":\"2023-11-15T11:21:24+00:00\",\"breadcrumb\":{\"@id\":\"https:\/\/smartecarte.com\/cookie-declaration\/#breadcrumb\"},\"inLanguage\":\"sv-SE\",\"potentialAction\":[{\"@type\":\"ReadAction\",\"target\":[\"https:\/\/smartecarte.com\/cookie-declaration\/\"]}]},{\"@type\":\"BreadcrumbList\",\"@id\":\"https:\/\/smartecarte.com\/cookie-declaration\/#breadcrumb\",\"itemListElement\":[{\"@type\":\"ListItem\",\"position\":1,\"name\":\"Home\",\"item\":\"https:\/\/smartecarte.com\/\"},{\"@type\":\"ListItem\",\"position\":2,\"name\":\"Cookie-meddelande\"}]},{\"@type\":\"WebSite\",\"@id\":\"https:\/\/smartecarte.com\/#website\",\"url\":\"https:\/\/smartecarte.com\/\",\"name\":\"Smartecarte\",\"description\":\"Transforming Travel and Leisure Worldwide\",\"publisher\":{\"@id\":\"https:\/\/smartecarte.com\/#organization\"},\"potentialAction\":[{\"@type\":\"SearchAction\",\"target\":{\"@type\":\"EntryPoint\",\"urlTemplate\":\"https:\/\/smartecarte.com\/?s={search_term_string}\"},\"query-input\":{\"@type\":\"PropertyValueSpecification\",\"valueRequired\":true,\"valueName\":\"search_term_string\"}}],\"inLanguage\":\"sv-SE\"},{\"@type\":\"Organization\",\"@id\":\"https:\/\/smartecarte.com\/#organization\",\"name\":\"Smartecarte\",\"url\":\"https:\/\/smartecarte.com\/\",\"logo\":{\"@type\":\"ImageObject\",\"inLanguage\":\"sv-SE\",\"@id\":\"https:\/\/smartecarte.com\/#\/schema\/logo\/image\/\",\"url\":\"https:\/\/smartecarte.com\/wp-content\/uploads\/2023\/04\/Logo-5-1.png\",\"contentUrl\":\"https:\/\/smartecarte.com\/wp-content\/uploads\/2023\/04\/Logo-5-1.png\",\"width\":300,\"height\":48,\"caption\":\"Smartecarte\"},\"image\":{\"@id\":\"https:\/\/smartecarte.com\/#\/schema\/logo\/image\/\"}}]}<\/script>\n<!-- \/ Yoast SEO plugin. -->","yoast_head_json":{"title":"Cookie-meddelande - Smartecarte","robots":{"index":"index","follow":"follow","max-snippet":"max-snippet:-1","max-image-preview":"max-image-preview:large","max-video-preview":"max-video-preview:-1"},"canonical":"https:\/\/smartecarte.com\/cookie-declaration\/","og_locale":"sv_SE","og_type":"article","og_title":"Cookie-meddelande - Smartecarte","og_description":"Policy f\u00f6r cookies Senast uppdaterad: juli 2023 Vad \u00e4r cookies? Denna cookie-policy f\u00f6rklarar vad cookies \u00e4r och hur vi anv\u00e4nder dem, vilka typer av cookies vi anv\u00e4nder, dvs. den information vi samlar in med hj\u00e4lp av cookies och hur den informationen anv\u00e4nds och hur du hanterar cookie-inst\u00e4llningarna. Cookies \u00e4r sm\u00e5 textfiler som anv\u00e4nds f\u00f6r att [&hellip;]","og_url":"https:\/\/smartecarte.com\/cookie-declaration\/","og_site_name":"Smartecarte","article_modified_time":"2023-11-15T11:21:24+00:00","twitter_card":"summary_large_image","twitter_misc":{"Ber\u00e4knad l\u00e4stid":"2 minuter"},"schema":{"@context":"https:\/\/schema.org","@graph":[{"@type":"WebPage","@id":"https:\/\/smartecarte.com\/cookie-declaration\/","url":"https:\/\/smartecarte.com\/cookie-declaration\/","name":"Cookie-meddelande - Smartecarte","isPartOf":{"@id":"https:\/\/smartecarte.com\/#website"},"datePublished":"2023-07-20T07:31:49+00:00","dateModified":"2023-11-15T11:21:24+00:00","breadcrumb":{"@id":"https:\/\/smartecarte.com\/cookie-declaration\/#breadcrumb"},"inLanguage":"sv-SE","potentialAction":[{"@type":"ReadAction","target":["https:\/\/smartecarte.com\/cookie-declaration\/"]}]},{"@type":"BreadcrumbList","@id":"https:\/\/smartecarte.com\/cookie-declaration\/#breadcrumb","itemListElement":[{"@type":"ListItem","position":1,"name":"Home","item":"https:\/\/smartecarte.com\/"},{"@type":"ListItem","position":2,"name":"Cookie-meddelande"}]},{"@type":"WebSite","@id":"https:\/\/smartecarte.com\/#website","url":"https:\/\/smartecarte.com\/","name":"Smartecarte","description":"Transforming Travel and Leisure Worldwide","publisher":{"@id":"https:\/\/smartecarte.com\/#organization"},"potentialAction":[{"@type":"SearchAction","target":{"@type":"EntryPoint","urlTemplate":"https:\/\/smartecarte.com\/?s={search_term_string}"},"query-input":{"@type":"PropertyValueSpecification","valueRequired":true,"valueName":"search_term_string"}}],"inLanguage":"sv-SE"},{"@type":"Organization","@id":"https:\/\/smartecarte.com\/#organization","name":"Smartecarte","url":"https:\/\/smartecarte.com\/","logo":{"@type":"ImageObject","inLanguage":"sv-SE","@id":"https:\/\/smartecarte.com\/#\/schema\/logo\/image\/","url":"https:\/\/smartecarte.com\/wp-content\/uploads\/2023\/04\/Logo-5-1.png","contentUrl":"https:\/\/smartecarte.com\/wp-content\/uploads\/2023\/04\/Logo-5-1.png","width":300,"height":48,"caption":"Smartecarte"},"image":{"@id":"https:\/\/smartecarte.com\/#\/schema\/logo\/image\/"}}]}},"featured_image_src":null,"featured_image_src_square":null,"_links":{"self":[{"href":"https:\/\/smartecarte.com\/sv\/wp-json\/wp\/v2\/pages\/3698","targetHints":{"allow":["GET"]}}],"collection":[{"href":"https:\/\/smartecarte.com\/sv\/wp-json\/wp\/v2\/pages"}],"about":[{"href":"https:\/\/smartecarte.com\/sv\/wp-json\/wp\/v2\/types\/page"}],"author":[{"embeddable":true,"href":"https:\/\/smartecarte.com\/sv\/wp-json\/wp\/v2\/users\/3"}],"replies":[{"embeddable":true,"href":"https:\/\/smartecarte.com\/sv\/wp-json\/wp\/v2\/comments?post=3698"}],"version-history":[{"count":0,"href":"https:\/\/smartecarte.com\/sv\/wp-json\/wp\/v2\/pages\/3698\/revisions"}],"wp:attachment":[{"href":"https:\/\/smartecarte.com\/sv\/wp-json\/wp\/v2\/media?parent=3698"}],"curies":[{"name":"wp","href":"https:\/\/api.w.org\/{rel}","templated":true}]}}