{"id":3699,"date":"2023-07-11T06:49:05","date_gmt":"2023-07-11T06:49:05","guid":{"rendered":"https:\/\/smartecarte.com\/terms-and-conditions\/"},"modified":"2024-06-03T12:21:37","modified_gmt":"2024-06-03T12:21:37","slug":"terms-and-conditions","status":"publish","type":"page","link":"https:\/\/smartecarte.com\/sv\/terms-and-conditions\/","title":{"rendered":"Allm\u00e4nna villkor"},"content":{"rendered":"\t\t<div data-elementor-type=\"wp-page\" data-elementor-id=\"3699\" class=\"elementor elementor-3699 elementor-2163\">\n\t\t\t\t\t\t<section class=\"elementor-section elementor-top-section elementor-element elementor-element-ebc9681 elementor-section-boxed elementor-section-height-default elementor-section-height-default\" data-id=\"ebc9681\" data-element_type=\"section\" data-e-type=\"section\">\n\t\t\t\t\t\t<div class=\"elementor-container elementor-column-gap-default\">\n\t\t\t\t\t<div class=\"elementor-column elementor-col-100 elementor-top-column elementor-element elementor-element-1aed708\" data-id=\"1aed708\" data-element_type=\"column\" data-e-type=\"column\">\n\t\t\t<div class=\"elementor-widget-wrap elementor-element-populated\">\n\t\t\t\t\t\t<div class=\"elementor-element elementor-element-717380e elementor-widget elementor-widget-heading\" data-id=\"717380e\" data-element_type=\"widget\" data-e-type=\"widget\" data-widget_type=\"heading.default\">\n\t\t\t\t<div class=\"elementor-widget-container\">\n\t\t\t\t\t<h2 class=\"elementor-heading-title elementor-size-default\">Anv\u00e4ndarvillkor f\u00f6r Smartecarte<\/h2>\t\t\t\t<\/div>\n\t\t\t\t<\/div>\n\t\t\t\t<div class=\"elementor-element elementor-element-913646f policy elementor-widget elementor-widget-text-editor\" data-id=\"913646f\" data-element_type=\"widget\" data-e-type=\"widget\" data-widget_type=\"text-editor.default\">\n\t\t\t\t<div class=\"elementor-widget-container\">\n\t\t\t\t\t\t\t\t\t<p><em>G\u00e4ller fr\u00e5n och med den 10 juli 2023<\/em><\/p>\n<h3><strong>1.Inledning<\/strong><\/h3>\n<p>1.1 L\u00e4s f\u00f6ljande anv\u00e4ndarvillkor noggrant.<\/p>\n<p>1.2 I dessa Anv\u00e4ndarvillkor:<\/p>\n<ul>\n<li>&#8220;<strong>vi<\/strong>&#8220;, &#8220;<strong>v\u00e5r<\/strong>&#8221; och &#8220;<strong>oss<\/strong>&#8221; betyder [\u25cf], ett f\u00f6retag registrerat i USA. V\u00e5rt registrerade kontor finns p\u00e5 [\u25cf].<\/li>\n<li>(b) &#8220;<strong>du<\/strong>&#8221; och &#8220;<strong>din<\/strong>&#8221; betyder en anv\u00e4ndare av webbplatsen p\u00e5 <a href=\"https:\/\/smartecarte.com\/sv\/\"><span style=\"text-decoration: underline;\">http:\/\/smartecarte.com\/<\/span><\/a> och dess underdom\u00e4ner (&#8220;<strong>webbplatsen<\/strong>&#8220;).<\/li>\n<\/ul>\n<p>1.3 Dessa anv\u00e4ndarvillkor anger de villkor enligt vilka vi samtycker till att g\u00f6ra webbplatsen tillg\u00e4nglig och enligt vilka du samtycker till f\u00f6r f\u00e5 \u00e5tkomst till och anv\u00e4nda webbplatsen.<\/p>\n<h3><strong>2.Godk\u00e4nnande av anv\u00e4ndarvillkoren<\/strong><\/h3>\n<p>1.4 Genom att anv\u00e4nda webbplatsen samtycker du till att vara juridiskt bunden av dessa anv\u00e4ndarvillkor och du samtycker till behandlingen av dina personuppgifter i enlighet med v\u00e5r <a href=\"https:\/\/smartecarte.com\/sv\/privacy-policy\/\">sekretesspolicy\u00a0<\/a><\/p>\n<p> 1.5 Om du inte samtycker till dessa anv\u00e4ndarvillkor eller v\u00e5r sekretesspolicy b\u00f6r du inte anv\u00e4nda webbplatsen.<\/p>\n<p><strong>Spara och\/eller skriv ut en kopia av dessa anv\u00e4ndarvillkor och v\u00e5r <a href=\"https:\/\/smartecarte.com\/sv\/privacy-policy\/\"> sekretesspolicy<\/a><\/strong><strong> f\u00f6r din framtida referens.<\/strong><\/p>\n<h3><strong>3.\u00c4ndringar av Anv\u00e4ndarvillkor<\/strong><\/h3>\n<p>3.1 Vi kan \u00e4ndra dessa anv\u00e4ndarvillkor fr\u00e5n tid till annan. Om vi g\u00f6r det kommer vi att publicera \u00e4ndringarna p\u00e5 webbplatsen. Det \u00e4r ditt ansvar att kontrollera webbplatsen regelbundet f\u00f6r \u00e4ndringar av dessa anv\u00e4ndarvillkor. Datumet h\u00f6gst upp p\u00e5 denna webbsida anger n\u00e4r dessa anv\u00e4ndarvillkor senast uppdaterades. \u00c4ndringar av dessa anv\u00e4ndarvillkor tr\u00e4der i kraft [\u25cf] dagar efter det datum d\u00e5 vi publicerar \u00e4ndringarna p\u00e5 webbplatsen och kommer fr\u00e5n och med d\u00e5 att styra relationen mellan dig och oss n\u00e4r det g\u00e4ller din anv\u00e4ndning av webbplatsen. Om du inte samtycker till de \u00e4ndrade anv\u00e4ndarvillkoren ska du inte forts\u00e4tta anv\u00e4nda webbplatsen efter det datum d\u00e5 \u00e4ndringarna tr\u00e4der i kraft.<\/p>\n<h3><strong>4.Dina skyldigheter<\/strong><\/h3>\n<p>4.1 Du samtycker till att inte:<\/p>\n<p>(a) anv\u00e4nda eller komma \u00e5t webbplatsen f\u00f6r n\u00e5got bedr\u00e4gligt eller olagligt syfte;<\/p>\n<p>(b) anv\u00e4nda eller komma \u00e5t webbplatsen f\u00f6r att utge dig f\u00f6r att vara n\u00e5gon annan person eller enhet;<\/p>\n<p>(c) st\u00f6ra eller avbryta driften av webbplatsen eller tillg\u00e5ngen till den;<\/p>\n<p>(d) \u00f6verf\u00f6ra eller p\u00e5 annat s\u00e4tt g\u00f6ra tillg\u00e4ngligt, i samband med webbplatsen eller tillg\u00e5ngen till den, virus, maskar, trojaner, tidsinst\u00e4llda bomber, spionprogram eller annan skadlig datorkod, fil eller program;<\/p>\n<p>(e) begr\u00e4nsa eller hindra n\u00e5gon annan persons m\u00f6jlighet att f\u00e5 tillg\u00e5ng till eller anv\u00e4nda webbplatsen;<\/p>\n<p>(f) \u00e4ndra, anpassa eller \u00f6vers\u00e4tta n\u00e5gon del av webbplatsen;<\/p>\n<p>(g) ta bort, d\u00f6lja eller \u00e4ndra n\u00e5gon upphovsr\u00e4tt, varum\u00e4rke eller annat meddelande om \u00e4gander\u00e4tt fr\u00e5n webbplatsen;<\/p>\n<h3><strong>5.L\u00e4nkar<\/strong><\/h3>\n<p>5.1 Fr\u00e5n tid till annan kan webbplatsen inneh\u00e5lla l\u00e4nkar till webbplatser fr\u00e5n tredje part. Dessa l\u00e4nkar tillhandah\u00e5lls endast f\u00f6r din bekv\u00e4mlighet och inneb\u00e4r inte att vi st\u00f6der dessa webbplatser fr\u00e5n tredje part. Vi granskar inte s\u00e5dana webbplatser fr\u00e5n tredje part och du bekr\u00e4ftar och godk\u00e4nner att:<\/p>\n<p>(a) vi inte \u00e4r ansvariga f\u00f6r s\u00e5dana webbplatser, inklusive de villkor p\u00e5 vilka s\u00e5dana webbplatser g\u00f6rs tillg\u00e4ngliga och sekretesspolicyn f\u00f6r s\u00e5dana webbplatser, och vi kontrollerar inte deras inneh\u00e5ll eller tillg\u00e4nglighet;<\/p>\n<p>(b) vi g\u00f6r inga utf\u00e4stelser, garantier eller villkor, varken uttryckliga eller underf\u00f6rst\u00e5dda, i samband med n\u00e5gra varor eller tj\u00e4nster eller information som mottagits fr\u00e5n s\u00e5dana webbplatser; och om du \u00f6ppnar n\u00e5gra s\u00e5dana webbplatser g\u00f6r du det helt p\u00e5 egen risk.<\/p>\n<p>5.2 [Du kan inkludera l\u00e4nkar till webbplatsen p\u00e5 en annan webbplats under f\u00f6ruts\u00e4ttning att du bekr\u00e4ftar och godk\u00e4nner f\u00f6ljande:<\/p>\n<p>(a) vi lovar inte att webbplatsen kommer att vara kontinuerligt tillg\u00e4nglig (och d\u00e4rf\u00f6r kanske s\u00e5dana l\u00e4nkar inte alltid fungerar);<\/p>\n<p>(b) du kommer inte att l\u00e4gga in s\u00e5dana l\u00e4nkar p\u00e5 n\u00e5gon webbplats som inneh\u00e5ller olagligt inneh\u00e5ll, som g\u00f6r intr\u00e5ng i tredje parts r\u00e4ttigheter, t.ex. immateriella r\u00e4ttigheter, eller som inneh\u00e5ller inneh\u00e5ll f\u00f6r vuxna;<\/p>\n<p>(c) vi f\u00f6rbeh\u00e5ller oss r\u00e4tten att inv\u00e4nda mot s\u00e5dana l\u00e4nkar och kr\u00e4ver att du tar bort dem.]<\/p>\n<p>[ELLER]<\/p>\n<p>5.2 [Du f\u00e5r inte rama in, l\u00e4nka eller djupl\u00e4nka webbplatsen till n\u00e5gon annan webbplats utan v\u00e5rt f\u00f6reg\u00e5ende skriftliga samtycke. Om du vill rama in eller st\u00e4lla in en l\u00e4nk eller djupl\u00e4nk till v\u00e5r webbplats kontaktar du <a href=\"mailto:marketing@smartecarte.com\">marketing@smartecarte.com<\/a><\/p>\n<h3><strong>6. Juridisk ansvarsfriskrivning<\/strong><\/h3>\n<p>6.1 Ingenting i dessa anv\u00e4ndarvillkor \u00e4r avsett att utesluta eller begr\u00e4nsa v\u00e5rt ansvar f\u00f6r d\u00f6dsfall eller personskador som orsakats av v\u00e5r v\u00e5rdsl\u00f6shet, f\u00f6r bedr\u00e4gligt vilseledande eller f\u00f6r n\u00e5got annat ansvar som inte kan uteslutas eller begr\u00e4nsas enligt lag.<\/p>\n<p>6.2 Med undantag f\u00f6r vad som uttryckligen anges i dessa anv\u00e4ndarvillkor g\u00f6rs webbplatsen tillg\u00e4nglig f\u00f6r dig &#8220;i befintligt skick&#8221;. Vi fr\u00e5ns\u00e4ger oss och accepterar inte n\u00e5got ansvar gentemot dig n\u00e4r det g\u00e4ller webbplatsen, din anv\u00e4ndning av den eller p\u00e5 annat s\u00e4tt. Det \u00e4r ditt ansvar att se till att webbplatsen \u00e4r l\u00e4mplig f\u00f6r dina avsedda \u00e4ndam\u00e5l. Vi tar inget ansvar f\u00f6r webbplatsens \u00e4ndam\u00e5lsenlighet eller l\u00e4mplighet f\u00f6r att uppfylla dina behov, och vi utesluter i st\u00f6rsta m\u00f6jliga m\u00e5n alla uttryckliga eller underf\u00f6rst\u00e5dda garantier, representationer, villkor eller best\u00e4mmelser. Vi ger ingen garanti:<\/p>\n<p>(a) att tillg\u00e5ngen till webbplatsen kommer att vara oavbruten eller felfri;<\/p>\n<p>(b) att webbplatsen och\/eller datorservern fr\u00e5n vilken webbplatsen g\u00f6rs tillg\u00e4nglig \u00e4r fria fr\u00e5n virus eller andra skadliga komponenter; eller<\/p>\n<p>(c) g\u00e4llande noggrannhet, inneh\u00e5ll, aktualitet, fullst\u00e4ndighet, tillf\u00f6rlitlighet, kvalitet eller l\u00e4mplighet av inneh\u00e5ll som finns p\u00e5 eller levereras via webbplatsen eller som p\u00e5 annat s\u00e4tt g\u00f6rs tillg\u00e4ngligt i samband med webbplatsen.<\/p>\n<p>6.3 Du bekr\u00e4ftar och godk\u00e4nner ocks\u00e5 att webbplatsens funktion \u00e4r beroende av att internet och annan utrustning och tj\u00e4nster fr\u00e5n tredje part fungerar korrekt och effektivt, och att vi inte garanterar och inte kommer att vara ansvariga f\u00f6r dessa p\u00e5 n\u00e5got s\u00e4tt.<\/p>\n<p>6.4 [Med f\u00f6rbeh\u00e5ll f\u00f6r klausul 6.1, och utan begr\u00e4nsning till klausul 6.2, kommer vi inte att vara ansvariga gentemot dig f\u00f6r n\u00e5gra s\u00e4rskilda, indirekta eller f\u00f6ljdskador eller f\u00f6rluster, eller f\u00f6rlust av data, vinster, int\u00e4kter, aff\u00e4rer eller goodwill.]<\/p>\n<h3><strong>7.Immateriella r\u00e4ttigheter<\/strong><\/h3>\n<p>De immateriella r\u00e4ttigheterna till webbplatsen och upphovsr\u00e4tten till allt material som lagras, visas och \u00e4r tillg\u00e4ngligt p\u00e5 webbplatsen \u00e4gs antingen av oss eller \u00e4r vederb\u00f6rligen licensierade av tredje part. Alla r\u00e4ttigheter f\u00f6rbeh\u00e5lls.<\/p>\n<h3><strong>8.Till\u00e4mplig lag<\/strong><\/h3>\n<p>Dessa anv\u00e4ndarvillkor och alla tvister eller anspr\u00e5k som uppst\u00e5r till f\u00f6ljd av eller i samband med dessa anv\u00e4ndarvillkor eller deras inneh\u00e5ll (inklusive utomobligatoriska tvister eller anspr\u00e5k) omfattas av Minnesota-lagstiftningen och av Minnesota-domstolarnas exklusiva jurisdiktion.<\/p>\n\t\t\t\t\t\t\t\t<\/div>\n\t\t\t\t<\/div>\n\t\t\t\t<div class=\"elementor-element elementor-element-6dc917b elementor-widget elementor-widget-html\" data-id=\"6dc917b\" data-element_type=\"widget\" data-e-type=\"widget\" data-widget_type=\"html.default\">\n\t\t\t\t<div class=\"elementor-widget-container\">\n\t\t\t\t\t<div class=\"modal fade airport-popup \" id=\"baggageModal\" tabindex=\"-1\" role=\"dialog\" aria-labelledby=\"baggageModal\" aria-hidden=\"true\">\r\n  <div class=\"modal-dialog\">\r\n    <div class=\"modal-content\">\r\n      <div class=\"modal-header\">\r\n        <h4 class=\"modal-title\" id=\"myModalLabel\">Contact Us<\/h4>\r\n        <button type=\"button\" class=\"close\" data-dismiss=\"modal\" aria-label=\"Close\">\r\n          <span aria-hidden=\"true\">\u00d7<\/span>\r\n        <\/button>\r\n      <\/div>\r\n      <div class=\"modal-body\">\r\n        <script charset=\"utf-8\" type=\"text\/javascript\" src=\"\/\/js.hsforms.net\/forms\/embed\/v2.js\"><\/script>\r\n<script>\r\n  hbspt.forms.create({\r\n    region: \"na1\",\r\n    portalId: \"5752400\",\r\n    formId: \"f4e12b17-8d17-4052-935c-08589800013d\"\r\n  });\r\n<\/script>\r\n      <\/div>\r\n    <\/div>\r\n  <\/div>\r\n<\/div>\r\n<a onmouseenter=\"question2.play()\" onmouseleave=\"question2.stop()\" class=\"products-link\" href=\"https:\/\/smartecarte.com\/sv\/contact\/\" data-toggle=\"modal\" data-target=\"#baggageModal\">CONTACT US\r\n<lottie-player id=\"question2\" src=\"\/wp-content\/themes\/smarte-carte\/images\/side-arrow-animation.json\" background=\"transparent\" speed=\"1\"><\/lottie-player>\r\n<\/a>\t\t\t\t<\/div>\n\t\t\t\t<\/div>\n\t\t\t\t\t<\/div>\n\t\t<\/div>\n\t\t\t\t\t<\/div>\n\t\t<\/section>\n\t\t\t\t<\/div>\n\t\t","protected":false},"excerpt":{"rendered":"<p>Anv\u00e4ndarvillkor f\u00f6r Smartecarte G\u00e4ller fr\u00e5n och med den 10 juli 2023 1.Inledning 1.1 L\u00e4s f\u00f6ljande anv\u00e4ndarvillkor noggrant. 1.2 I dessa Anv\u00e4ndarvillkor: &#8220;vi&#8220;, &#8220;v\u00e5r&#8221; och &#8220;oss&#8221; betyder [\u25cf], ett f\u00f6retag registrerat i USA. V\u00e5rt registrerade kontor finns p\u00e5 [\u25cf]. (b) &#8220;du&#8221; och &#8220;din&#8221; betyder en anv\u00e4ndare av webbplatsen p\u00e5 https:\/\/smartecarte.com\/ och dess underdom\u00e4ner (&#8220;webbplatsen&#8220;). 1.3 Dessa [&hellip;]<\/p>\n","protected":false},"author":3,"featured_media":0,"parent":0,"menu_order":0,"comment_status":"closed","ping_status":"closed","template":"page-smarte.php","meta":{"_acf_changed":false,"content-type":"","inline_featured_image":false,"footnotes":""},"class_list":["post-3699","page","type-page","status-publish","hentry"],"acf":[],"yoast_head":"<!-- This site is optimized with the Yoast SEO plugin v27.2 - https:\/\/yoast.com\/product\/yoast-seo-wordpress\/ -->\n<title>Allm\u00e4nna villkor - Smartecarte<\/title>\n<meta name=\"robots\" content=\"index, follow, max-snippet:-1, max-image-preview:large, max-video-preview:-1\" \/>\n<link rel=\"canonical\" href=\"https:\/\/smartecarte.com\/terms-and-conditions\/\" \/>\n<meta property=\"og:locale\" content=\"sv_SE\" \/>\n<meta property=\"og:type\" content=\"article\" \/>\n<meta property=\"og:title\" content=\"Allm\u00e4nna villkor - Smartecarte\" \/>\n<meta property=\"og:description\" content=\"Anv\u00e4ndarvillkor f\u00f6r Smartecarte G\u00e4ller fr\u00e5n och med den 10 juli 2023 1.Inledning 1.1 L\u00e4s f\u00f6ljande anv\u00e4ndarvillkor noggrant. 1.2 I dessa Anv\u00e4ndarvillkor: &#8220;vi&#8220;, &#8220;v\u00e5r&#8221; och &#8220;oss&#8221; betyder [\u25cf], ett f\u00f6retag registrerat i USA. V\u00e5rt registrerade kontor finns p\u00e5 [\u25cf]. (b) &#8220;du&#8221; och &#8220;din&#8221; betyder en anv\u00e4ndare av webbplatsen p\u00e5 https:\/\/smartecarte.com\/ och dess underdom\u00e4ner (&#8220;webbplatsen&#8220;). 1.3 Dessa [&hellip;]\" \/>\n<meta property=\"og:url\" content=\"https:\/\/smartecarte.com\/terms-and-conditions\/\" \/>\n<meta property=\"og:site_name\" content=\"Smartecarte\" \/>\n<meta property=\"article:modified_time\" content=\"2024-06-03T12:21:37+00:00\" \/>\n<meta name=\"twitter:card\" content=\"summary_large_image\" \/>\n<meta name=\"twitter:label1\" content=\"Ber\u00e4knad l\u00e4stid\" \/>\n\t<meta name=\"twitter:data1\" content=\"5 minuter\" \/>\n<script type=\"application\/ld+json\" class=\"yoast-schema-graph\">{\"@context\":\"https:\/\/schema.org\",\"@graph\":[{\"@type\":\"WebPage\",\"@id\":\"https:\/\/smartecarte.com\/terms-and-conditions\/\",\"url\":\"https:\/\/smartecarte.com\/terms-and-conditions\/\",\"name\":\"Allm\u00e4nna villkor - Smartecarte\",\"isPartOf\":{\"@id\":\"https:\/\/smartecarte.com\/#website\"},\"datePublished\":\"2023-07-11T06:49:05+00:00\",\"dateModified\":\"2024-06-03T12:21:37+00:00\",\"breadcrumb\":{\"@id\":\"https:\/\/smartecarte.com\/terms-and-conditions\/#breadcrumb\"},\"inLanguage\":\"sv-SE\",\"potentialAction\":[{\"@type\":\"ReadAction\",\"target\":[\"https:\/\/smartecarte.com\/terms-and-conditions\/\"]}]},{\"@type\":\"BreadcrumbList\",\"@id\":\"https:\/\/smartecarte.com\/terms-and-conditions\/#breadcrumb\",\"itemListElement\":[{\"@type\":\"ListItem\",\"position\":1,\"name\":\"Home\",\"item\":\"https:\/\/smartecarte.com\/\"},{\"@type\":\"ListItem\",\"position\":2,\"name\":\"Allm\u00e4nna villkor\"}]},{\"@type\":\"WebSite\",\"@id\":\"https:\/\/smartecarte.com\/#website\",\"url\":\"https:\/\/smartecarte.com\/\",\"name\":\"Smartecarte\",\"description\":\"Transforming Travel and Leisure Worldwide\",\"publisher\":{\"@id\":\"https:\/\/smartecarte.com\/#organization\"},\"potentialAction\":[{\"@type\":\"SearchAction\",\"target\":{\"@type\":\"EntryPoint\",\"urlTemplate\":\"https:\/\/smartecarte.com\/?s={search_term_string}\"},\"query-input\":{\"@type\":\"PropertyValueSpecification\",\"valueRequired\":true,\"valueName\":\"search_term_string\"}}],\"inLanguage\":\"sv-SE\"},{\"@type\":\"Organization\",\"@id\":\"https:\/\/smartecarte.com\/#organization\",\"name\":\"Smartecarte\",\"url\":\"https:\/\/smartecarte.com\/\",\"logo\":{\"@type\":\"ImageObject\",\"inLanguage\":\"sv-SE\",\"@id\":\"https:\/\/smartecarte.com\/#\/schema\/logo\/image\/\",\"url\":\"https:\/\/smartecarte.com\/wp-content\/uploads\/2023\/04\/Logo-5-1.png\",\"contentUrl\":\"https:\/\/smartecarte.com\/wp-content\/uploads\/2023\/04\/Logo-5-1.png\",\"width\":300,\"height\":48,\"caption\":\"Smartecarte\"},\"image\":{\"@id\":\"https:\/\/smartecarte.com\/#\/schema\/logo\/image\/\"}}]}<\/script>\n<!-- \/ Yoast SEO plugin. -->","yoast_head_json":{"title":"Allm\u00e4nna villkor - Smartecarte","robots":{"index":"index","follow":"follow","max-snippet":"max-snippet:-1","max-image-preview":"max-image-preview:large","max-video-preview":"max-video-preview:-1"},"canonical":"https:\/\/smartecarte.com\/terms-and-conditions\/","og_locale":"sv_SE","og_type":"article","og_title":"Allm\u00e4nna villkor - Smartecarte","og_description":"Anv\u00e4ndarvillkor f\u00f6r Smartecarte G\u00e4ller fr\u00e5n och med den 10 juli 2023 1.Inledning 1.1 L\u00e4s f\u00f6ljande anv\u00e4ndarvillkor noggrant. 1.2 I dessa Anv\u00e4ndarvillkor: &#8220;vi&#8220;, &#8220;v\u00e5r&#8221; och &#8220;oss&#8221; betyder [\u25cf], ett f\u00f6retag registrerat i USA. V\u00e5rt registrerade kontor finns p\u00e5 [\u25cf]. (b) &#8220;du&#8221; och &#8220;din&#8221; betyder en anv\u00e4ndare av webbplatsen p\u00e5 https:\/\/smartecarte.com\/ och dess underdom\u00e4ner (&#8220;webbplatsen&#8220;). 1.3 Dessa [&hellip;]","og_url":"https:\/\/smartecarte.com\/terms-and-conditions\/","og_site_name":"Smartecarte","article_modified_time":"2024-06-03T12:21:37+00:00","twitter_card":"summary_large_image","twitter_misc":{"Ber\u00e4knad l\u00e4stid":"5 minuter"},"schema":{"@context":"https:\/\/schema.org","@graph":[{"@type":"WebPage","@id":"https:\/\/smartecarte.com\/terms-and-conditions\/","url":"https:\/\/smartecarte.com\/terms-and-conditions\/","name":"Allm\u00e4nna villkor - Smartecarte","isPartOf":{"@id":"https:\/\/smartecarte.com\/#website"},"datePublished":"2023-07-11T06:49:05+00:00","dateModified":"2024-06-03T12:21:37+00:00","breadcrumb":{"@id":"https:\/\/smartecarte.com\/terms-and-conditions\/#breadcrumb"},"inLanguage":"sv-SE","potentialAction":[{"@type":"ReadAction","target":["https:\/\/smartecarte.com\/terms-and-conditions\/"]}]},{"@type":"BreadcrumbList","@id":"https:\/\/smartecarte.com\/terms-and-conditions\/#breadcrumb","itemListElement":[{"@type":"ListItem","position":1,"name":"Home","item":"https:\/\/smartecarte.com\/"},{"@type":"ListItem","position":2,"name":"Allm\u00e4nna villkor"}]},{"@type":"WebSite","@id":"https:\/\/smartecarte.com\/#website","url":"https:\/\/smartecarte.com\/","name":"Smartecarte","description":"Transforming Travel and Leisure Worldwide","publisher":{"@id":"https:\/\/smartecarte.com\/#organization"},"potentialAction":[{"@type":"SearchAction","target":{"@type":"EntryPoint","urlTemplate":"https:\/\/smartecarte.com\/?s={search_term_string}"},"query-input":{"@type":"PropertyValueSpecification","valueRequired":true,"valueName":"search_term_string"}}],"inLanguage":"sv-SE"},{"@type":"Organization","@id":"https:\/\/smartecarte.com\/#organization","name":"Smartecarte","url":"https:\/\/smartecarte.com\/","logo":{"@type":"ImageObject","inLanguage":"sv-SE","@id":"https:\/\/smartecarte.com\/#\/schema\/logo\/image\/","url":"https:\/\/smartecarte.com\/wp-content\/uploads\/2023\/04\/Logo-5-1.png","contentUrl":"https:\/\/smartecarte.com\/wp-content\/uploads\/2023\/04\/Logo-5-1.png","width":300,"height":48,"caption":"Smartecarte"},"image":{"@id":"https:\/\/smartecarte.com\/#\/schema\/logo\/image\/"}}]}},"featured_image_src":null,"featured_image_src_square":null,"_links":{"self":[{"href":"https:\/\/smartecarte.com\/sv\/wp-json\/wp\/v2\/pages\/3699","targetHints":{"allow":["GET"]}}],"collection":[{"href":"https:\/\/smartecarte.com\/sv\/wp-json\/wp\/v2\/pages"}],"about":[{"href":"https:\/\/smartecarte.com\/sv\/wp-json\/wp\/v2\/types\/page"}],"author":[{"embeddable":true,"href":"https:\/\/smartecarte.com\/sv\/wp-json\/wp\/v2\/users\/3"}],"replies":[{"embeddable":true,"href":"https:\/\/smartecarte.com\/sv\/wp-json\/wp\/v2\/comments?post=3699"}],"version-history":[{"count":0,"href":"https:\/\/smartecarte.com\/sv\/wp-json\/wp\/v2\/pages\/3699\/revisions"}],"wp:attachment":[{"href":"https:\/\/smartecarte.com\/sv\/wp-json\/wp\/v2\/media?parent=3699"}],"curies":[{"name":"wp","href":"https:\/\/api.w.org\/{rel}","templated":true}]}}