{"id":3732,"date":"2023-06-21T06:43:33","date_gmt":"2023-06-21T06:43:33","guid":{"rendered":"https:\/\/smartecarte.com\/service-request\/"},"modified":"2024-05-08T12:13:27","modified_gmt":"2024-05-08T12:13:27","slug":"service-request","status":"publish","type":"page","link":"https:\/\/smartecarte.com\/sv\/contact\/service-request\/","title":{"rendered":"Servicef\u00f6rfr\u00e5gan"},"content":{"rendered":"\t\t<div data-elementor-type=\"wp-page\" data-elementor-id=\"3732\" class=\"elementor elementor-3732 elementor-1372\">\n\t\t\t\t\t\t<div class=\"elementor-section elementor-top-section elementor-element elementor-element-197607d4 elementor-section-full_width section-banner section-banner-inner elementor-section-height-default elementor-section-height-default\" data-id=\"197607d4\" data-element_type=\"section\" data-e-type=\"section\" data-settings=\"{&quot;background_background&quot;:&quot;classic&quot;}\">\n\t\t\t\t\t\t\t<div class=\"elementor-background-overlay\"><\/div>\n\t\t\t\t\t\t\t<div class=\"elementor-container elementor-column-gap-no\">\n\t\t\t\t\t<div class=\"elementor-column elementor-col-100 elementor-top-column elementor-element elementor-element-3bd1bee6\" data-id=\"3bd1bee6\" data-element_type=\"column\" data-e-type=\"column\">\n\t\t\t<div class=\"elementor-widget-wrap elementor-element-populated\">\n\t\t\t\t\t\t<section class=\"elementor-section elementor-inner-section elementor-element elementor-element-45f9a260 banner-text elementor-section-boxed elementor-section-height-default elementor-section-height-default\" data-id=\"45f9a260\" data-element_type=\"section\" data-e-type=\"section\">\n\t\t\t\t\t\t<div class=\"elementor-container elementor-column-gap-default\">\n\t\t\t\t\t<div class=\"elementor-column elementor-col-100 elementor-inner-column elementor-element elementor-element-9a7dd21\" data-id=\"9a7dd21\" data-element_type=\"column\" data-e-type=\"column\">\n\t\t\t<div class=\"elementor-widget-wrap elementor-element-populated\">\n\t\t\t\t\t\t<div class=\"elementor-element elementor-element-6acf079c elementor-widget__width-initial elementor-widget elementor-widget-heading\" data-id=\"6acf079c\" data-element_type=\"widget\" data-e-type=\"widget\" data-widget_type=\"heading.default\">\n\t\t\t\t<div class=\"elementor-widget-container\">\n\t\t\t\t\t<h2 class=\"elementor-heading-title elementor-size-default\">Servicef\u00f6rfr\u00e5gan<\/h2>\t\t\t\t<\/div>\n\t\t\t\t<\/div>\n\t\t\t\t\t<\/div>\n\t\t<\/div>\n\t\t\t\t\t<\/div>\n\t\t<\/section>\n\t\t\t\t<section class=\"elementor-section elementor-inner-section elementor-element elementor-element-302d1391 elementor-section-boxed elementor-section-height-default elementor-section-height-default\" data-id=\"302d1391\" data-element_type=\"section\" data-e-type=\"section\">\n\t\t\t\t\t\t<div class=\"elementor-container elementor-column-gap-default\">\n\t\t\t\t\t<div class=\"elementor-column elementor-col-100 elementor-inner-column elementor-element elementor-element-17bf2c36\" data-id=\"17bf2c36\" data-element_type=\"column\" data-e-type=\"column\">\n\t\t\t<div class=\"elementor-widget-wrap elementor-element-populated\">\n\t\t\t\t\t\t<div class=\"elementor-element elementor-element-3a535961 inner-scroll elementor-widget elementor-widget-text-editor\" data-id=\"3a535961\" data-element_type=\"widget\" data-e-type=\"widget\" data-widget_type=\"text-editor.default\">\n\t\t\t\t<div class=\"elementor-widget-container\">\n\t\t\t\t\t\t\t\t\t<a class=\"scroll-arrow\" href=\"#service-sup\">\r\n<lottie-player src=\"https:\/\/smartecarte.com\/wp-content\/themes\/smarte-carte\/images\/hero-arrow-animation.json\" background=\"transparent\" loop autoplay><\/lottie-player>\r\n<\/a>\t\t\t\t\t\t\t\t<\/div>\n\t\t\t\t<\/div>\n\t\t\t\t\t<\/div>\n\t\t<\/div>\n\t\t\t\t\t<\/div>\n\t\t<\/section>\n\t\t\t\t\t<\/div>\n\t\t<\/div>\n\t\t\t\t\t<\/div>\n\t\t<\/div>\n\t\t\t\t<section class=\"elementor-section elementor-top-section elementor-element elementor-element-d6d4132 service-support elementor-section-boxed elementor-section-height-default elementor-section-height-default\" data-id=\"d6d4132\" data-element_type=\"section\" data-e-type=\"section\" id=\"service-sup\" data-settings=\"{&quot;background_background&quot;:&quot;classic&quot;}\">\n\t\t\t\t\t\t<div class=\"elementor-container elementor-column-gap-no\">\n\t\t\t\t\t<div class=\"elementor-column elementor-col-100 elementor-top-column elementor-element elementor-element-7b1a132\" data-id=\"7b1a132\" data-element_type=\"column\" data-e-type=\"column\">\n\t\t\t<div class=\"elementor-widget-wrap elementor-element-populated\">\n\t\t\t\t\t\t<div class=\"elementor-element elementor-element-c33f8ec elementor-widget elementor-widget-text-editor\" data-id=\"c33f8ec\" data-element_type=\"widget\" data-e-type=\"widget\" data-widget_type=\"text-editor.default\">\n\t\t\t\t<div class=\"elementor-widget-container\">\n\t\t\t\t\t\t\t\t\t<p>F\u00f6r att s\u00e4kerst\u00e4lla snabb\u00a0<br \/>service och smidig kommunikation<br \/>ber vi dig fylla i formul\u00e4ret nedan.<\/p>\n\t\t\t\t\t\t\t\t<\/div>\n\t\t\t\t<\/div>\n\t\t\t\t\t<\/div>\n\t\t<\/div>\n\t\t\t\t\t<\/div>\n\t\t<\/section>\n\t\t\t\t<section class=\"elementor-section elementor-top-section elementor-element elementor-element-d0c1afb service-received elementor-section-boxed elementor-section-height-default elementor-section-height-default\" data-id=\"d0c1afb\" data-element_type=\"section\" data-e-type=\"section\" data-settings=\"{&quot;background_background&quot;:&quot;classic&quot;}\">\n\t\t\t\t\t\t<div class=\"elementor-container elementor-column-gap-no\">\n\t\t\t\t\t<div class=\"elementor-column elementor-col-50 elementor-top-column elementor-element elementor-element-64abbcd service-order\" data-id=\"64abbcd\" data-element_type=\"column\" data-e-type=\"column\">\n\t\t\t<div class=\"elementor-widget-wrap elementor-element-populated\">\n\t\t\t\t\t\t<div class=\"elementor-element elementor-element-b695ce6 elementor-widget elementor-widget-image\" data-id=\"b695ce6\" data-element_type=\"widget\" data-e-type=\"widget\" data-widget_type=\"image.default\">\n\t\t\t\t<div class=\"elementor-widget-container\">\n\t\t\t\t\t\t\t\t\t\t\t\t\t\t\t<img fetchpriority=\"high\" decoding=\"async\" width=\"640\" height=\"403\" src=\"https:\/\/smartecarte.com\/wp-content\/uploads\/2023\/07\/SmarteCarte_SixFlags_0645-final-1024x645.jpg\" class=\"attachment-large size-large wp-image-2737\" alt=\"\" srcset=\"https:\/\/smartecarte.com\/wp-content\/uploads\/2023\/07\/SmarteCarte_SixFlags_0645-final-1024x645.jpg 1024w, https:\/\/smartecarte.com\/wp-content\/uploads\/2023\/07\/SmarteCarte_SixFlags_0645-final-300x189.jpg 300w, https:\/\/smartecarte.com\/wp-content\/uploads\/2023\/07\/SmarteCarte_SixFlags_0645-final-768x484.jpg 768w, https:\/\/smartecarte.com\/wp-content\/uploads\/2023\/07\/SmarteCarte_SixFlags_0645-final-1536x968.jpg 1536w, https:\/\/smartecarte.com\/wp-content\/uploads\/2023\/07\/SmarteCarte_SixFlags_0645-final-2048x1291.jpg 2048w\" sizes=\"(max-width: 640px) 100vw, 640px\" \/>\t\t\t\t\t\t\t\t\t\t\t\t\t\t\t<\/div>\n\t\t\t\t<\/div>\n\t\t\t\t\t<\/div>\n\t\t<\/div>\n\t\t\t\t<div class=\"elementor-column elementor-col-50 elementor-top-column elementor-element elementor-element-74b491f\" data-id=\"74b491f\" data-element_type=\"column\" data-e-type=\"column\">\n\t\t\t<div class=\"elementor-widget-wrap elementor-element-populated\">\n\t\t\t\t\t\t<div class=\"elementor-element elementor-element-651b7c8 elementor-widget elementor-widget-text-editor\" data-id=\"651b7c8\" data-element_type=\"widget\" data-e-type=\"widget\" data-widget_type=\"text-editor.default\">\n\t\t\t\t<div class=\"elementor-widget-container\">\n\t\t\t\t\t\t\t\t\t<div style=\"text-align: left;\">N\u00e4r vi har mottagit\u00a0<br \/>din f\u00f6rfr\u00e5gan kommer vi att granska den och kontakta dig\u00a0<br \/>s\u00e5 snart som m\u00f6jligt med n\u00e4sta\u00a0<br \/>steg f\u00f6r att l\u00f6sa ditt problem.<\/div>\n\t\t\t\t\t\t\t\t<\/div>\n\t\t\t\t<\/div>\n\t\t\t\t\t<\/div>\n\t\t<\/div>\n\t\t\t\t\t<\/div>\n\t\t<\/section>\n\t\t\t\t<section class=\"elementor-section elementor-top-section elementor-element elementor-element-7ead26d elementor-section-boxed elementor-section-height-default elementor-section-height-default\" data-id=\"7ead26d\" data-element_type=\"section\" data-e-type=\"section\" data-settings=\"{&quot;background_background&quot;:&quot;classic&quot;}\">\n\t\t\t\t\t\t<div class=\"elementor-container elementor-column-gap-default\">\n\t\t\t\t\t<div class=\"elementor-column elementor-col-100 elementor-top-column elementor-element elementor-element-1b13403\" data-id=\"1b13403\" data-element_type=\"column\" data-e-type=\"column\">\n\t\t\t<div class=\"elementor-widget-wrap elementor-element-populated\">\n\t\t\t\t\t\t<div class=\"elementor-element elementor-element-b18bdc0 elementor-widget elementor-widget-heading\" data-id=\"b18bdc0\" data-element_type=\"widget\" data-e-type=\"widget\" data-widget_type=\"heading.default\">\n\t\t\t\t<div class=\"elementor-widget-container\">\n\t\t\t\t\t<h3 class=\"elementor-heading-title elementor-size-default\">Formul\u00e4r f\u00f6r servicef\u00f6rfr\u00e5gan<\/h3>\t\t\t\t<\/div>\n\t\t\t\t<\/div>\n\t\t\t\t<div class=\"elementor-element elementor-element-9b59af9 elementor-widget elementor-widget-html\" data-id=\"9b59af9\" data-element_type=\"widget\" data-e-type=\"widget\" data-widget_type=\"html.default\">\n\t\t\t\t<div class=\"elementor-widget-container\">\n\t\t\t\t\t<div class=\"service-forms\">\r\n    <a onmouseenter=\"req2.play()\" onmouseleave=\"req2.stop()\" class=\"products-link serviceHide\" id=\"form2Btn\">Planet Fitness\r\n<lottie-player id=\"req2\" src=\"\/wp-content\/themes\/smarte-carte\/images\/side-arrow-animation.json\" background=\"transparent\" speed=\"1\"><\/lottie-player>\r\n<\/a>\r\n    <a onmouseenter=\"req1.play()\" onmouseleave=\"req1.stop()\" class=\"products-link serviceShow\" id=\"form1Btn\">Simon Properties\r\n<lottie-player id=\"req1\" src=\"\/wp-content\/themes\/smarte-carte\/images\/side-arrow-animation.json\" background=\"transparent\" speed=\"1\"><\/lottie-player>\r\n<\/a>\r\n<div class=\"service-req-form\">\r\n  <div id=\"form1\" class=\"service-form-container\">\r\n    <!--<h2>Form 1<\/h2>-->\r\n<script charset=\"utf-8\" type=\"text\/javascript\" src=\"\/\/js.hsforms.net\/forms\/embed\/v2.js\"><\/script>\r\n<script>\r\n  hbspt.forms.create({\r\n    region: \"na1\",\r\n    portalId: \"5752400\",\r\n    formId: \"3fd2503f-bbe8-405c-bb7e-1c96745230f7\"\r\n  });\r\n<\/script>\r\n  <\/div>\r\n  <div id=\"form2\" class=\"form-container\">\r\n    <!--<h2>Form 2<\/h2>-->\r\n   <script charset=\"utf-8\" type=\"text\/javascript\" src=\"\/\/js.hsforms.net\/forms\/embed\/v2.js\"><\/script>\r\n<script>\r\n  hbspt.forms.create({\r\n    region: \"na1\",\r\n    portalId: \"5752400\",\r\n    formId: \"dc1f14b4-6754-4d6d-a7f5-3fa0f6b9f841\"\r\n  });\r\n<\/script>\r\n  <\/div>\r\n  <\/div>\t\t\t\t<\/div>\n\t\t\t\t<\/div>\n\t\t\t\t\t<\/div>\n\t\t<\/div>\n\t\t\t\t\t<\/div>\n\t\t<\/section>\n\t\t\t\t<section class=\"elementor-section elementor-top-section elementor-element elementor-element-4daeaa51 contact-widget elementor-section-boxed elementor-section-height-default elementor-section-height-default\" data-id=\"4daeaa51\" data-element_type=\"section\" data-e-type=\"section\" data-settings=\"{&quot;background_background&quot;:&quot;classic&quot;}\">\n\t\t\t\t\t\t\t<div class=\"elementor-background-overlay\"><\/div>\n\t\t\t\t\t\t\t<div class=\"elementor-container elementor-column-gap-no\">\n\t\t\t\t\t<div class=\"elementor-column elementor-col-100 elementor-top-column elementor-element elementor-element-7157964\" data-id=\"7157964\" data-element_type=\"column\" data-e-type=\"column\">\n\t\t\t<div class=\"elementor-widget-wrap elementor-element-populated\">\n\t\t\t\t\t\t<div class=\"elementor-element elementor-element-1e13bc7f elementor-widget elementor-widget-heading\" data-id=\"1e13bc7f\" data-element_type=\"widget\" data-e-type=\"widget\" data-widget_type=\"heading.default\">\n\t\t\t\t<div class=\"elementor-widget-container\">\n\t\t\t\t\t<h2 class=\"elementor-heading-title elementor-size-default\">Kontakt<\/h2>\t\t\t\t<\/div>\n\t\t\t\t<\/div>\n\t\t\t\t<div class=\"elementor-element elementor-element-51c2c81d contact-text elementor-widget elementor-widget-text-editor\" data-id=\"51c2c81d\" data-element_type=\"widget\" data-e-type=\"widget\" data-widget_type=\"text-editor.default\">\n\t\t\t\t<div class=\"elementor-widget-container\">\n\t\t\t\t\t\t\t\t\t<p>Smarte Carte finns h\u00e4r f\u00f6r dina sj\u00e4lvbetj\u00e4ningsbehov <br \/> och f\u00f6r att svara p\u00e5 alla dina fr\u00e5gor idag.<\/p>\n\t\t\t\t\t\t\t\t<\/div>\n\t\t\t\t<\/div>\n\t\t\t\t<div class=\"elementor-element elementor-element-2a396b08 elementor-widget elementor-widget-html\" data-id=\"2a396b08\" data-element_type=\"widget\" data-e-type=\"widget\" data-widget_type=\"html.default\">\n\t\t\t\t<div class=\"elementor-widget-container\">\n\t\t\t\t\t<a href=\"https:\/\/smartecarte.com\/sv\/contact\/\" onmouseenter=\"player6.play()\" onmouseleave=\"player6.stop()\" class=\"products-link\">Kontakta oss\r\n<lottie-player id=\"player6\" src=\"\/wp-content\/themes\/smarte-carte\/images\/side-arrow-animation.json\" background=\"transparent\" speed=\"1\"><\/lottie-player>\r\n<\/a>\t\t\t\t<\/div>\n\t\t\t\t<\/div>\n\t\t\t\t\t<\/div>\n\t\t<\/div>\n\t\t\t\t\t<\/div>\n\t\t<\/section>\n\t\t\t\t<\/div>\n\t\t","protected":false},"excerpt":{"rendered":"<p>Servicef\u00f6rfr\u00e5gan F\u00f6r att s\u00e4kerst\u00e4lla snabb\u00a0service och smidig kommunikationber vi dig fylla i formul\u00e4ret nedan. N\u00e4r vi har mottagit\u00a0din f\u00f6rfr\u00e5gan kommer vi att granska den och kontakta dig\u00a0s\u00e5 snart som m\u00f6jligt med n\u00e4sta\u00a0steg f\u00f6r att l\u00f6sa ditt problem. Formul\u00e4r f\u00f6r servicef\u00f6rfr\u00e5gan Planet Fitness Simon Properties Kontakt Smarte Carte finns h\u00e4r f\u00f6r dina sj\u00e4lvbetj\u00e4ningsbehov och f\u00f6r att [&hellip;]<\/p>\n","protected":false},"author":3,"featured_media":0,"parent":3860,"menu_order":0,"comment_status":"closed","ping_status":"closed","template":"page-smarte.php","meta":{"_acf_changed":false,"content-type":"","inline_featured_image":false,"footnotes":""},"class_list":["post-3732","page","type-page","status-publish","hentry"],"acf":[],"yoast_head":"<!-- This site is optimized with the Yoast SEO plugin v27.2 - https:\/\/yoast.com\/product\/yoast-seo-wordpress\/ -->\n<title>Servicef\u00f6rfr\u00e5gan \u2013 Smarte Carte, Inc.<\/title>\n<meta name=\"description\" content=\"Smarte Carte finns h\u00e4r f\u00f6r dina sj\u00e4lvbetj\u00e4ningsbehov och f\u00f6r att svara p\u00e5 alla dina fr\u00e5gor idag\" \/>\n<meta name=\"robots\" content=\"index, follow, max-snippet:-1, max-image-preview:large, max-video-preview:-1\" \/>\n<link rel=\"canonical\" href=\"https:\/\/smartecarte.com\/contact\/service-request\/\" \/>\n<meta property=\"og:locale\" content=\"sv_SE\" \/>\n<meta property=\"og:type\" content=\"article\" \/>\n<meta property=\"og:title\" content=\"Servicef\u00f6rfr\u00e5gan \u2013 Smarte Carte, Inc.\" \/>\n<meta property=\"og:description\" content=\"Smarte Carte finns h\u00e4r f\u00f6r dina sj\u00e4lvbetj\u00e4ningsbehov och f\u00f6r att svara p\u00e5 alla dina fr\u00e5gor idag\" \/>\n<meta property=\"og:url\" content=\"https:\/\/smartecarte.com\/contact\/service-request\/\" \/>\n<meta property=\"og:site_name\" content=\"Smartecarte\" \/>\n<meta property=\"article:modified_time\" content=\"2024-05-08T12:13:27+00:00\" \/>\n<meta property=\"og:image\" content=\"https:\/\/smartecarte.com\/wp-content\/uploads\/2023\/07\/SmarteCarte_SixFlags_0645-final-1024x645.jpg\" \/>\n<meta name=\"twitter:card\" content=\"summary_large_image\" \/>\n<meta name=\"twitter:label1\" content=\"Ber\u00e4knad l\u00e4stid\" \/>\n\t<meta name=\"twitter:data1\" content=\"1 minut\" \/>\n<script type=\"application\/ld+json\" class=\"yoast-schema-graph\">{\"@context\":\"https:\/\/schema.org\",\"@graph\":[{\"@type\":\"WebPage\",\"@id\":\"https:\/\/smartecarte.com\/contact\/service-request\/\",\"url\":\"https:\/\/smartecarte.com\/contact\/service-request\/\",\"name\":\"Servicef\u00f6rfr\u00e5gan \u2013 Smarte Carte, Inc.\",\"isPartOf\":{\"@id\":\"https:\/\/smartecarte.com\/#website\"},\"primaryImageOfPage\":{\"@id\":\"https:\/\/smartecarte.com\/contact\/service-request\/#primaryimage\"},\"image\":{\"@id\":\"https:\/\/smartecarte.com\/contact\/service-request\/#primaryimage\"},\"thumbnailUrl\":\"https:\/\/smartecarte.com\/wp-content\/uploads\/2023\/07\/SmarteCarte_SixFlags_0645-final-1024x645.jpg\",\"datePublished\":\"2023-06-21T06:43:33+00:00\",\"dateModified\":\"2024-05-08T12:13:27+00:00\",\"description\":\"Smarte Carte finns h\u00e4r f\u00f6r dina sj\u00e4lvbetj\u00e4ningsbehov och f\u00f6r att svara p\u00e5 alla dina fr\u00e5gor idag\",\"breadcrumb\":{\"@id\":\"https:\/\/smartecarte.com\/contact\/service-request\/#breadcrumb\"},\"inLanguage\":\"sv-SE\",\"potentialAction\":[{\"@type\":\"ReadAction\",\"target\":[\"https:\/\/smartecarte.com\/contact\/service-request\/\"]}]},{\"@type\":\"ImageObject\",\"inLanguage\":\"sv-SE\",\"@id\":\"https:\/\/smartecarte.com\/contact\/service-request\/#primaryimage\",\"url\":\"https:\/\/smartecarte.com\/wp-content\/uploads\/2023\/07\/SmarteCarte_SixFlags_0645-final-1024x645.jpg\",\"contentUrl\":\"https:\/\/smartecarte.com\/wp-content\/uploads\/2023\/07\/SmarteCarte_SixFlags_0645-final-1024x645.jpg\"},{\"@type\":\"BreadcrumbList\",\"@id\":\"https:\/\/smartecarte.com\/contact\/service-request\/#breadcrumb\",\"itemListElement\":[{\"@type\":\"ListItem\",\"position\":1,\"name\":\"Home\",\"item\":\"https:\/\/smartecarte.com\/\"},{\"@type\":\"ListItem\",\"position\":2,\"name\":\"Kontakt\",\"item\":\"https:\/\/smartecarte.com\/contact\/\"},{\"@type\":\"ListItem\",\"position\":3,\"name\":\"Servicef\u00f6rfr\u00e5gan\"}]},{\"@type\":\"WebSite\",\"@id\":\"https:\/\/smartecarte.com\/#website\",\"url\":\"https:\/\/smartecarte.com\/\",\"name\":\"Smartecarte\",\"description\":\"Transforming Travel and Leisure Worldwide\",\"publisher\":{\"@id\":\"https:\/\/smartecarte.com\/#organization\"},\"potentialAction\":[{\"@type\":\"SearchAction\",\"target\":{\"@type\":\"EntryPoint\",\"urlTemplate\":\"https:\/\/smartecarte.com\/?s={search_term_string}\"},\"query-input\":{\"@type\":\"PropertyValueSpecification\",\"valueRequired\":true,\"valueName\":\"search_term_string\"}}],\"inLanguage\":\"sv-SE\"},{\"@type\":\"Organization\",\"@id\":\"https:\/\/smartecarte.com\/#organization\",\"name\":\"Smartecarte\",\"url\":\"https:\/\/smartecarte.com\/\",\"logo\":{\"@type\":\"ImageObject\",\"inLanguage\":\"sv-SE\",\"@id\":\"https:\/\/smartecarte.com\/#\/schema\/logo\/image\/\",\"url\":\"https:\/\/smartecarte.com\/wp-content\/uploads\/2023\/04\/Logo-5-1.png\",\"contentUrl\":\"https:\/\/smartecarte.com\/wp-content\/uploads\/2023\/04\/Logo-5-1.png\",\"width\":300,\"height\":48,\"caption\":\"Smartecarte\"},\"image\":{\"@id\":\"https:\/\/smartecarte.com\/#\/schema\/logo\/image\/\"}}]}<\/script>\n<!-- \/ Yoast SEO plugin. -->","yoast_head_json":{"title":"Servicef\u00f6rfr\u00e5gan \u2013 Smarte Carte, Inc.","description":"Smarte Carte finns h\u00e4r f\u00f6r dina sj\u00e4lvbetj\u00e4ningsbehov och f\u00f6r att svara p\u00e5 alla dina fr\u00e5gor idag","robots":{"index":"index","follow":"follow","max-snippet":"max-snippet:-1","max-image-preview":"max-image-preview:large","max-video-preview":"max-video-preview:-1"},"canonical":"https:\/\/smartecarte.com\/contact\/service-request\/","og_locale":"sv_SE","og_type":"article","og_title":"Servicef\u00f6rfr\u00e5gan \u2013 Smarte Carte, Inc.","og_description":"Smarte Carte finns h\u00e4r f\u00f6r dina sj\u00e4lvbetj\u00e4ningsbehov och f\u00f6r att svara p\u00e5 alla dina fr\u00e5gor idag","og_url":"https:\/\/smartecarte.com\/contact\/service-request\/","og_site_name":"Smartecarte","article_modified_time":"2024-05-08T12:13:27+00:00","og_image":[{"url":"https:\/\/smartecarte.com\/wp-content\/uploads\/2023\/07\/SmarteCarte_SixFlags_0645-final-1024x645.jpg","type":"","width":"","height":""}],"twitter_card":"summary_large_image","twitter_misc":{"Ber\u00e4knad l\u00e4stid":"1 minut"},"schema":{"@context":"https:\/\/schema.org","@graph":[{"@type":"WebPage","@id":"https:\/\/smartecarte.com\/contact\/service-request\/","url":"https:\/\/smartecarte.com\/contact\/service-request\/","name":"Servicef\u00f6rfr\u00e5gan \u2013 Smarte Carte, Inc.","isPartOf":{"@id":"https:\/\/smartecarte.com\/#website"},"primaryImageOfPage":{"@id":"https:\/\/smartecarte.com\/contact\/service-request\/#primaryimage"},"image":{"@id":"https:\/\/smartecarte.com\/contact\/service-request\/#primaryimage"},"thumbnailUrl":"https:\/\/smartecarte.com\/wp-content\/uploads\/2023\/07\/SmarteCarte_SixFlags_0645-final-1024x645.jpg","datePublished":"2023-06-21T06:43:33+00:00","dateModified":"2024-05-08T12:13:27+00:00","description":"Smarte Carte finns h\u00e4r f\u00f6r dina sj\u00e4lvbetj\u00e4ningsbehov och f\u00f6r att svara p\u00e5 alla dina fr\u00e5gor idag","breadcrumb":{"@id":"https:\/\/smartecarte.com\/contact\/service-request\/#breadcrumb"},"inLanguage":"sv-SE","potentialAction":[{"@type":"ReadAction","target":["https:\/\/smartecarte.com\/contact\/service-request\/"]}]},{"@type":"ImageObject","inLanguage":"sv-SE","@id":"https:\/\/smartecarte.com\/contact\/service-request\/#primaryimage","url":"https:\/\/smartecarte.com\/wp-content\/uploads\/2023\/07\/SmarteCarte_SixFlags_0645-final-1024x645.jpg","contentUrl":"https:\/\/smartecarte.com\/wp-content\/uploads\/2023\/07\/SmarteCarte_SixFlags_0645-final-1024x645.jpg"},{"@type":"BreadcrumbList","@id":"https:\/\/smartecarte.com\/contact\/service-request\/#breadcrumb","itemListElement":[{"@type":"ListItem","position":1,"name":"Home","item":"https:\/\/smartecarte.com\/"},{"@type":"ListItem","position":2,"name":"Kontakt","item":"https:\/\/smartecarte.com\/contact\/"},{"@type":"ListItem","position":3,"name":"Servicef\u00f6rfr\u00e5gan"}]},{"@type":"WebSite","@id":"https:\/\/smartecarte.com\/#website","url":"https:\/\/smartecarte.com\/","name":"Smartecarte","description":"Transforming Travel and Leisure Worldwide","publisher":{"@id":"https:\/\/smartecarte.com\/#organization"},"potentialAction":[{"@type":"SearchAction","target":{"@type":"EntryPoint","urlTemplate":"https:\/\/smartecarte.com\/?s={search_term_string}"},"query-input":{"@type":"PropertyValueSpecification","valueRequired":true,"valueName":"search_term_string"}}],"inLanguage":"sv-SE"},{"@type":"Organization","@id":"https:\/\/smartecarte.com\/#organization","name":"Smartecarte","url":"https:\/\/smartecarte.com\/","logo":{"@type":"ImageObject","inLanguage":"sv-SE","@id":"https:\/\/smartecarte.com\/#\/schema\/logo\/image\/","url":"https:\/\/smartecarte.com\/wp-content\/uploads\/2023\/04\/Logo-5-1.png","contentUrl":"https:\/\/smartecarte.com\/wp-content\/uploads\/2023\/04\/Logo-5-1.png","width":300,"height":48,"caption":"Smartecarte"},"image":{"@id":"https:\/\/smartecarte.com\/#\/schema\/logo\/image\/"}}]}},"featured_image_src":null,"featured_image_src_square":null,"_links":{"self":[{"href":"https:\/\/smartecarte.com\/sv\/wp-json\/wp\/v2\/pages\/3732","targetHints":{"allow":["GET"]}}],"collection":[{"href":"https:\/\/smartecarte.com\/sv\/wp-json\/wp\/v2\/pages"}],"about":[{"href":"https:\/\/smartecarte.com\/sv\/wp-json\/wp\/v2\/types\/page"}],"author":[{"embeddable":true,"href":"https:\/\/smartecarte.com\/sv\/wp-json\/wp\/v2\/users\/3"}],"replies":[{"embeddable":true,"href":"https:\/\/smartecarte.com\/sv\/wp-json\/wp\/v2\/comments?post=3732"}],"version-history":[{"count":0,"href":"https:\/\/smartecarte.com\/sv\/wp-json\/wp\/v2\/pages\/3732\/revisions"}],"up":[{"embeddable":true,"href":"https:\/\/smartecarte.com\/sv\/wp-json\/wp\/v2\/pages\/3860"}],"wp:attachment":[{"href":"https:\/\/smartecarte.com\/sv\/wp-json\/wp\/v2\/media?parent=3732"}],"curies":[{"name":"wp","href":"https:\/\/api.w.org\/{rel}","templated":true}]}}