{"id":6442,"date":"2023-12-06T08:58:59","date_gmt":"2023-12-06T08:58:59","guid":{"rendered":"https:\/\/smartecarte.com\/united-states\/"},"modified":"2024-10-31T07:13:57","modified_gmt":"2024-10-31T07:13:57","slug":"united-states","status":"publish","type":"page","link":"https:\/\/smartecarte.com\/sv\/united-states\/","title":{"rendered":"USA"},"content":{"rendered":"\t\t<div data-elementor-type=\"wp-page\" data-elementor-id=\"6442\" class=\"elementor elementor-6442 elementor-5734\">\n\t\t\t\t\t\t<div class=\"elementor-section elementor-top-section elementor-element elementor-element-8f2d74d elementor-section-full_width section-banner section-banner-inner elementor-section-height-default elementor-section-height-default\" data-id=\"8f2d74d\" data-element_type=\"section\" data-e-type=\"section\" data-settings=\"{&quot;background_background&quot;:&quot;classic&quot;}\">\n\t\t\t\t\t\t\t<div class=\"elementor-background-overlay\"><\/div>\n\t\t\t\t\t\t\t<div class=\"elementor-container elementor-column-gap-no\">\n\t\t\t\t\t<div class=\"elementor-column elementor-col-100 elementor-top-column elementor-element elementor-element-d28a24f\" data-id=\"d28a24f\" data-element_type=\"column\" data-e-type=\"column\">\n\t\t\t<div class=\"elementor-widget-wrap elementor-element-populated\">\n\t\t\t\t\t\t<section class=\"elementor-section elementor-inner-section elementor-element elementor-element-b8cca9c banner-text elementor-section-boxed elementor-section-height-default elementor-section-height-default\" data-id=\"b8cca9c\" data-element_type=\"section\" data-e-type=\"section\">\n\t\t\t\t\t\t<div class=\"elementor-container elementor-column-gap-default\">\n\t\t\t\t\t<div class=\"elementor-column elementor-col-100 elementor-inner-column elementor-element elementor-element-c3e2827\" data-id=\"c3e2827\" data-element_type=\"column\" data-e-type=\"column\">\n\t\t\t<div class=\"elementor-widget-wrap elementor-element-populated\">\n\t\t\t\t\t\t<div class=\"elementor-element elementor-element-136a76c elementor-widget__width-initial elementor-widget elementor-widget-heading\" data-id=\"136a76c\" data-element_type=\"widget\" data-e-type=\"widget\" data-widget_type=\"heading.default\">\n\t\t\t\t<div class=\"elementor-widget-container\">\n\t\t\t\t\t<h2 class=\"elementor-heading-title elementor-size-default\">F\u00f6renta staterna<\/h2>\t\t\t\t<\/div>\n\t\t\t\t<\/div>\n\t\t\t\t\t<\/div>\n\t\t<\/div>\n\t\t\t\t\t<\/div>\n\t\t<\/section>\n\t\t\t\t<section class=\"elementor-section elementor-inner-section elementor-element elementor-element-b38c236 elementor-section-boxed elementor-section-height-default elementor-section-height-default\" data-id=\"b38c236\" data-element_type=\"section\" data-e-type=\"section\">\n\t\t\t\t\t\t<div class=\"elementor-container elementor-column-gap-default\">\n\t\t\t\t\t<div class=\"elementor-column elementor-col-100 elementor-inner-column elementor-element elementor-element-94c9a66\" data-id=\"94c9a66\" data-element_type=\"column\" data-e-type=\"column\">\n\t\t\t<div class=\"elementor-widget-wrap elementor-element-populated\">\n\t\t\t\t\t\t<div class=\"elementor-element elementor-element-6d17409 inner-scroll elementor-widget elementor-widget-text-editor\" data-id=\"6d17409\" data-element_type=\"widget\" data-e-type=\"widget\" data-widget_type=\"text-editor.default\">\n\t\t\t\t<div class=\"elementor-widget-container\">\n\t\t\t\t\t\t\t\t\t<a class=\"scroll-arrow\" href=\"#us2\">\r\n<lottie-player src=\"\/wp-content\/themes\/smarte-carte\/images\/hero-arrow-animation.json\" background=\"transparent\" loop autoplay><\/lottie-player>\r\n<\/a>\t\t\t\t\t\t\t\t<\/div>\n\t\t\t\t<\/div>\n\t\t\t\t\t<\/div>\n\t\t<\/div>\n\t\t\t\t\t<\/div>\n\t\t<\/section>\n\t\t\t\t\t<\/div>\n\t\t<\/div>\n\t\t\t\t\t<\/div>\n\t\t<\/div>\n\t\t\t\t<section class=\"elementor-section elementor-top-section elementor-element elementor-element-1709fca elementor-section-boxed elementor-section-height-default elementor-section-height-default\" data-id=\"1709fca\" data-element_type=\"section\" data-e-type=\"section\" id=\"us2\" data-settings=\"{&quot;background_background&quot;:&quot;classic&quot;}\">\n\t\t\t\t\t\t<div class=\"elementor-container elementor-column-gap-no\">\n\t\t\t\t\t<div class=\"elementor-column elementor-col-100 elementor-top-column elementor-element elementor-element-fe7c7e5\" data-id=\"fe7c7e5\" data-element_type=\"column\" data-e-type=\"column\">\n\t\t\t<div class=\"elementor-widget-wrap elementor-element-populated\">\n\t\t\t\t\t\t<div class=\"elementor-element elementor-element-b1c7aab us-2 airport-block-text calibri elementor-invisible elementor-widget elementor-widget-text-editor\" data-id=\"b1c7aab\" data-element_type=\"widget\" data-e-type=\"widget\" data-settings=\"{&quot;_animation&quot;:&quot;fadeIn&quot;,&quot;_animation_delay&quot;:100}\" data-widget_type=\"text-editor.default\">\n\t\t\t\t<div class=\"elementor-widget-container\">\n\t\t\t\t\t\t\t\t\tP\u00e5 Smarte Carte \u00e4r v\u00e5rt k\u00e4rnuppdrag att f\u00f6rb\u00e4ttra din resa, s\u00e5 att den inte bara blir smidigare utan ocks\u00e5 mer njutbar. Vi f\u00f6rst\u00e5r att resen\u00e4rer har olika behov, oavsett om det \u00e4r bekv\u00e4m bagagef\u00f6rvaring,\r\nhj\u00e4lp med borttappade f\u00f6rem\u00e5l, ett varmt och personligt v\u00e4lkomnande eller v\u00e5r p\u00e5litliga b\u00e4rartj\u00e4nst \u2013 vi finns\r\nh\u00e4r f\u00f6r att hj\u00e4lpa till med dina resor.\t\t\t\t\t\t\t\t<\/div>\n\t\t\t\t<\/div>\n\t\t\t\t\t<\/div>\n\t\t<\/div>\n\t\t\t\t\t<\/div>\n\t\t<\/section>\n\t\t\t\t<section class=\"elementor-section elementor-top-section elementor-element elementor-element-77d6acd us-land elementor-section-boxed elementor-section-height-default elementor-section-height-default\" data-id=\"77d6acd\" data-element_type=\"section\" data-e-type=\"section\" id=\"us3\">\n\t\t\t\t\t\t<div class=\"elementor-container elementor-column-gap-no\">\n\t\t\t\t\t<div class=\"elementor-column elementor-col-50 elementor-top-column elementor-element elementor-element-a14c8f3\" data-id=\"a14c8f3\" data-element_type=\"column\" data-e-type=\"column\">\n\t\t\t<div class=\"elementor-widget-wrap elementor-element-populated\">\n\t\t\t\t\t\t<section class=\"elementor-section elementor-inner-section elementor-element elementor-element-80708c1 us-grid elementor-section-boxed elementor-section-height-default elementor-section-height-default\" data-id=\"80708c1\" data-element_type=\"section\" data-e-type=\"section\">\n\t\t\t\t\t\t<div class=\"elementor-container elementor-column-gap-no\">\n\t\t\t\t\t<div class=\"elementor-column elementor-col-50 elementor-inner-column elementor-element elementor-element-e5e0bd7\" data-id=\"e5e0bd7\" data-element_type=\"column\" data-e-type=\"column\" data-settings=\"{&quot;background_background&quot;:&quot;classic&quot;}\">\n\t\t\t<div class=\"elementor-widget-wrap elementor-element-populated\">\n\t\t\t\t\t<div class=\"elementor-background-overlay\"><\/div>\n\t\t\t\t\t\t<section class=\"elementor-section elementor-inner-section elementor-element elementor-element-8cb2975 elementor-section-height-min-height market-img-hover-card fade-in elementor-section-full_width elementor-section-height-default\" data-id=\"8cb2975\" data-element_type=\"section\" data-e-type=\"section\">\n\t\t\t\t\t\t<div class=\"elementor-container elementor-column-gap-default\">\n\t\t\t\t\t<div class=\"elementor-column elementor-col-100 elementor-inner-column elementor-element elementor-element-b40e89b\" data-id=\"b40e89b\" data-element_type=\"column\" data-e-type=\"column\">\n\t\t\t<div class=\"elementor-widget-wrap elementor-element-populated\">\n\t\t\t\t\t\t<div class=\"elementor-element elementor-element-fc5a978 elementor-widget elementor-widget-heading\" data-id=\"fc5a978\" data-element_type=\"widget\" data-e-type=\"widget\" data-widget_type=\"heading.default\">\n\t\t\t\t<div class=\"elementor-widget-container\">\n\t\t\t\t\t<h2 class=\"elementor-heading-title elementor-size-default\">Honolulu International<br>Airport (HNL)<\/h2>\t\t\t\t<\/div>\n\t\t\t\t<\/div>\n\t\t\t\t\t<\/div>\n\t\t<\/div>\n\t\t\t\t\t<\/div>\n\t\t<\/section>\n\t\t\t\t\t<\/div>\n\t\t<\/div>\n\t\t\t\t<div class=\"elementor-column elementor-col-50 elementor-inner-column elementor-element elementor-element-14afb8f\" data-id=\"14afb8f\" data-element_type=\"column\" data-e-type=\"column\" data-settings=\"{&quot;background_background&quot;:&quot;classic&quot;}\">\n\t\t\t<div class=\"elementor-widget-wrap elementor-element-populated\">\n\t\t\t\t\t<div class=\"elementor-background-overlay\"><\/div>\n\t\t\t\t\t\t<section class=\"elementor-section elementor-inner-section elementor-element elementor-element-e4bef75 elementor-section-height-min-height elementor-section-content-bottom market-img-hover-card fade-in elementor-section-boxed elementor-section-height-default\" data-id=\"e4bef75\" data-element_type=\"section\" data-e-type=\"section\">\n\t\t\t\t\t\t<div class=\"elementor-container elementor-column-gap-default\">\n\t\t\t\t\t<div class=\"elementor-column elementor-col-100 elementor-inner-column elementor-element elementor-element-3d434d9\" data-id=\"3d434d9\" data-element_type=\"column\" data-e-type=\"column\">\n\t\t\t<div class=\"elementor-widget-wrap elementor-element-populated\">\n\t\t\t\t\t\t<div class=\"elementor-element elementor-element-ed176c6 elementor-widget elementor-widget-heading\" data-id=\"ed176c6\" data-element_type=\"widget\" data-e-type=\"widget\" data-widget_type=\"heading.default\">\n\t\t\t\t<div class=\"elementor-widget-container\">\n\t\t\t\t\t<h2 class=\"elementor-heading-title elementor-size-default\">Seattle-Tacoma<br> International Airport <br>(SEA)<\/h2>\t\t\t\t<\/div>\n\t\t\t\t<\/div>\n\t\t\t\t\t<\/div>\n\t\t<\/div>\n\t\t\t\t\t<\/div>\n\t\t<\/section>\n\t\t\t\t\t<\/div>\n\t\t<\/div>\n\t\t\t\t\t<\/div>\n\t\t<\/section>\n\t\t\t\t\t<\/div>\n\t\t<\/div>\n\t\t\t\t<div class=\"elementor-column elementor-col-50 elementor-top-column elementor-element elementor-element-4e83ba7\" data-id=\"4e83ba7\" data-element_type=\"column\" data-e-type=\"column\" data-settings=\"{&quot;background_background&quot;:&quot;classic&quot;}\">\n\t\t\t<div class=\"elementor-widget-wrap elementor-element-populated\">\n\t\t\t\t\t<div class=\"elementor-background-overlay\"><\/div>\n\t\t\t\t\t\t<section class=\"elementor-section elementor-inner-section elementor-element elementor-element-65951e7 elementor-section-height-min-height elementor-section-content-bottom market-img-hover-card fade-in elementor-section-boxed elementor-section-height-default\" data-id=\"65951e7\" data-element_type=\"section\" data-e-type=\"section\">\n\t\t\t\t\t\t<div class=\"elementor-container elementor-column-gap-default\">\n\t\t\t\t\t<div class=\"elementor-column elementor-col-100 elementor-inner-column elementor-element elementor-element-1a4d3e6\" data-id=\"1a4d3e6\" data-element_type=\"column\" data-e-type=\"column\">\n\t\t\t<div class=\"elementor-widget-wrap elementor-element-populated\">\n\t\t\t\t\t\t<div class=\"elementor-element elementor-element-28ace6a elementor-widget elementor-widget-heading\" data-id=\"28ace6a\" data-element_type=\"widget\" data-e-type=\"widget\" data-widget_type=\"heading.default\">\n\t\t\t\t<div class=\"elementor-widget-container\">\n\t\t\t\t\t<h2 class=\"elementor-heading-title elementor-size-default\">New York \u2013 John F. Kennedy <br>(JFK)<\/h2>\t\t\t\t<\/div>\n\t\t\t\t<\/div>\n\t\t\t\t\t<\/div>\n\t\t<\/div>\n\t\t\t\t\t<\/div>\n\t\t<\/section>\n\t\t\t\t\t<\/div>\n\t\t<\/div>\n\t\t\t\t\t<\/div>\n\t\t<\/section>\n\t\t\t\t<section class=\"elementor-section elementor-top-section elementor-element elementor-element-e727773 elementor-section-full_width australia-btm for-travelers-btm elementor-section-height-default elementor-section-height-default\" data-id=\"e727773\" data-element_type=\"section\" data-e-type=\"section\">\n\t\t\t\t\t\t<div class=\"elementor-container elementor-column-gap-no\">\n\t\t\t\t\t<div class=\"elementor-column elementor-col-100 elementor-top-column elementor-element elementor-element-55aa20c\" data-id=\"55aa20c\" data-element_type=\"column\" data-e-type=\"column\">\n\t\t\t<div class=\"elementor-widget-wrap elementor-element-populated\">\n\t\t\t\t\t\t<section class=\"elementor-section elementor-inner-section elementor-element elementor-element-3514cf0 elementor-section-boxed elementor-section-height-default elementor-section-height-default\" data-id=\"3514cf0\" data-element_type=\"section\" data-e-type=\"section\">\n\t\t\t\t\t\t<div class=\"elementor-container elementor-column-gap-no\">\n\t\t\t\t\t<div class=\"elementor-column elementor-col-100 elementor-inner-column elementor-element elementor-element-8a63fbd box-shadow-big-img\" data-id=\"8a63fbd\" data-element_type=\"column\" data-e-type=\"column\" data-settings=\"{&quot;background_background&quot;:&quot;classic&quot;}\">\n\t\t\t<div class=\"elementor-widget-wrap elementor-element-populated\">\n\t\t\t\t\t\t<div class=\"elementor-element elementor-element-25f8e13 elementor-widget elementor-widget-image\" data-id=\"25f8e13\" data-element_type=\"widget\" data-e-type=\"widget\" data-widget_type=\"image.default\">\n\t\t\t\t<div class=\"elementor-widget-container\">\n\t\t\t\t\t\t\t\t\t\t\t\t\t\t\t<img fetchpriority=\"high\" decoding=\"async\" width=\"2560\" height=\"1137\" src=\"https:\/\/smartecarte.com\/wp-content\/uploads\/2024\/05\/SmarteCarte_DFW_1157-update-scaled.jpg\" class=\"attachment-full size-full wp-image-6755\" alt=\"SmarteCarte\" srcset=\"https:\/\/smartecarte.com\/wp-content\/uploads\/2024\/05\/SmarteCarte_DFW_1157-update-scaled.jpg 2560w, https:\/\/smartecarte.com\/wp-content\/uploads\/2024\/05\/SmarteCarte_DFW_1157-update-300x133.jpg 300w, https:\/\/smartecarte.com\/wp-content\/uploads\/2024\/05\/SmarteCarte_DFW_1157-update-1024x455.jpg 1024w, https:\/\/smartecarte.com\/wp-content\/uploads\/2024\/05\/SmarteCarte_DFW_1157-update-768x341.jpg 768w, https:\/\/smartecarte.com\/wp-content\/uploads\/2024\/05\/SmarteCarte_DFW_1157-update-1536x682.jpg 1536w, https:\/\/smartecarte.com\/wp-content\/uploads\/2024\/05\/SmarteCarte_DFW_1157-update-2048x910.jpg 2048w\" sizes=\"(max-width: 2560px) 100vw, 2560px\" \/>\t\t\t\t\t\t\t\t\t\t\t\t\t\t\t<\/div>\n\t\t\t\t<\/div>\n\t\t\t\t<section class=\"elementor-section elementor-inner-section elementor-element elementor-element-bdd4362 luggage-inside-div elementor-section-boxed elementor-section-height-default elementor-section-height-default\" data-id=\"bdd4362\" data-element_type=\"section\" data-e-type=\"section\" data-settings=\"{&quot;background_background&quot;:&quot;classic&quot;}\">\n\t\t\t\t\t\t\t<div class=\"elementor-background-overlay\"><\/div>\n\t\t\t\t\t\t\t<div class=\"elementor-container elementor-column-gap-default\">\n\t\t\t\t\t<div class=\"elementor-column elementor-col-100 elementor-inner-column elementor-element elementor-element-3145485\" data-id=\"3145485\" data-element_type=\"column\" data-e-type=\"column\" data-settings=\"{&quot;background_background&quot;:&quot;classic&quot;}\">\n\t\t\t<div class=\"elementor-widget-wrap elementor-element-populated\">\n\t\t\t\t\t\t<div class=\"elementor-element elementor-element-9717a07 elementor-widget elementor-widget-heading\" data-id=\"9717a07\" data-element_type=\"widget\" data-e-type=\"widget\" data-widget_type=\"heading.default\">\n\t\t\t\t<div class=\"elementor-widget-container\">\n\t\t\t\t\t<h6 class=\"elementor-heading-title elementor-size-default\">F\u00f6r resen\u00e4rer<\/h6>\t\t\t\t<\/div>\n\t\t\t\t<\/div>\n\t\t\t\t<div class=\"elementor-element elementor-element-b6aa642 luggage-mont-font fade-in calibri elementor-invisible elementor-widget elementor-widget-text-editor\" data-id=\"b6aa642\" data-element_type=\"widget\" data-e-type=\"widget\" data-settings=\"{&quot;_animation&quot;:&quot;fadeIn&quot;,&quot;_animation_delay&quot;:200}\" data-widget_type=\"text-editor.default\">\n\t\t\t\t<div class=\"elementor-widget-container\">\n\t\t\t\t\t\t\t\t\t<p><span style=\"font-weight: 400;\">Smarte Carte \u00e4r glada \u00f6ver att g\u00f6ra dina resor smidigare och mer bekv\u00e4ma runt om i v\u00e4rlden! Oavsett om du letar efter en bekv\u00e4m bagagef\u00f6rvaring, en hj\u00e4lpande hand n\u00e4r du har tappat bort n\u00e5got, extra s\u00e4kerhet f\u00f6r ditt bagage eller annan reserelaterad hj\u00e4lp, kan du kolla in de olika l\u00e4nderna d\u00e4r vi kan hj\u00e4lpa dig.<\/span><\/p>\n\t\t\t\t\t\t\t\t<\/div>\n\t\t\t\t<\/div>\n\t\t\t\t<div class=\"elementor-element elementor-element-d02721e australia-btn elementor-widget elementor-widget-html\" data-id=\"d02721e\" data-element_type=\"widget\" data-e-type=\"widget\" data-widget_type=\"html.default\">\n\t\t\t\t<div class=\"elementor-widget-container\">\n\t\t\t\t\t<a href=\"https:\/\/smartecarte.com\/sv\/for-travelers\/\" class=\"btn-link\" onmouseenter=\"arrow1.play()\" onmouseleave=\"arrow1.stop()\">\r\n    <span>L\u00e4s mer<\/span>\r\n    <span>\r\n        <lottie-player id=\"arrow1\" src=\"\/wp-content\/themes\/smarte-carte\/images\/side-arrow-animation.json\" background=\"transparent\" speed=\"1\"><\/lottie-player>\r\n    <\/span>\r\n<\/a>\t\t\t\t<\/div>\n\t\t\t\t<\/div>\n\t\t\t\t\t<\/div>\n\t\t<\/div>\n\t\t\t\t\t<\/div>\n\t\t<\/section>\n\t\t\t\t\t<\/div>\n\t\t<\/div>\n\t\t\t\t\t<\/div>\n\t\t<\/section>\n\t\t\t\t\t<\/div>\n\t\t<\/div>\n\t\t\t\t\t<\/div>\n\t\t<\/section>\n\t\t\t\t<\/div>\n\t\t","protected":false},"excerpt":{"rendered":"<p>F\u00f6renta staterna P\u00e5 Smarte Carte \u00e4r v\u00e5rt k\u00e4rnuppdrag att f\u00f6rb\u00e4ttra din resa, s\u00e5 att den inte bara blir smidigare utan ocks\u00e5 mer njutbar. Vi f\u00f6rst\u00e5r att resen\u00e4rer har olika behov, oavsett om det \u00e4r bekv\u00e4m bagagef\u00f6rvaring, hj\u00e4lp med borttappade f\u00f6rem\u00e5l, ett varmt och personligt v\u00e4lkomnande eller v\u00e5r p\u00e5litliga b\u00e4rartj\u00e4nst \u2013 vi finns h\u00e4r f\u00f6r att [&hellip;]<\/p>\n","protected":false},"author":3,"featured_media":0,"parent":0,"menu_order":0,"comment_status":"closed","ping_status":"closed","template":"page-smarte.php","meta":{"_acf_changed":false,"content-type":"","inline_featured_image":false,"footnotes":""},"class_list":["post-6442","page","type-page","status-publish","hentry"],"acf":[],"yoast_head":"<!-- This site is optimized with the Yoast SEO plugin v27.2 - https:\/\/yoast.com\/product\/yoast-seo-wordpress\/ -->\n<title>USA - Smartecarte<\/title>\n<meta name=\"robots\" content=\"index, follow, max-snippet:-1, max-image-preview:large, max-video-preview:-1\" \/>\n<link rel=\"canonical\" href=\"https:\/\/smartecarte.com\/united-states\/\" \/>\n<meta property=\"og:locale\" content=\"sv_SE\" \/>\n<meta property=\"og:type\" content=\"article\" \/>\n<meta property=\"og:title\" content=\"USA - Smartecarte\" \/>\n<meta property=\"og:description\" content=\"F\u00f6renta staterna P\u00e5 Smarte Carte \u00e4r v\u00e5rt k\u00e4rnuppdrag att f\u00f6rb\u00e4ttra din resa, s\u00e5 att den inte bara blir smidigare utan ocks\u00e5 mer njutbar. Vi f\u00f6rst\u00e5r att resen\u00e4rer har olika behov, oavsett om det \u00e4r bekv\u00e4m bagagef\u00f6rvaring, hj\u00e4lp med borttappade f\u00f6rem\u00e5l, ett varmt och personligt v\u00e4lkomnande eller v\u00e5r p\u00e5litliga b\u00e4rartj\u00e4nst \u2013 vi finns h\u00e4r f\u00f6r att [&hellip;]\" \/>\n<meta property=\"og:url\" content=\"https:\/\/smartecarte.com\/united-states\/\" \/>\n<meta property=\"og:site_name\" content=\"Smartecarte\" \/>\n<meta property=\"article:modified_time\" content=\"2024-10-31T07:13:57+00:00\" \/>\n<meta property=\"og:image\" content=\"https:\/\/smartecarte.com\/wp-content\/uploads\/2024\/05\/SmarteCarte_DFW_1157-update-scaled.jpg\" \/>\n\t<meta property=\"og:image:width\" content=\"2560\" \/>\n\t<meta property=\"og:image:height\" content=\"1137\" \/>\n\t<meta property=\"og:image:type\" content=\"image\/jpeg\" \/>\n<meta name=\"twitter:card\" content=\"summary_large_image\" \/>\n<meta name=\"twitter:label1\" content=\"Ber\u00e4knad l\u00e4stid\" \/>\n\t<meta name=\"twitter:data1\" content=\"1 minut\" \/>\n<script type=\"application\/ld+json\" class=\"yoast-schema-graph\">{\"@context\":\"https:\/\/schema.org\",\"@graph\":[{\"@type\":\"WebPage\",\"@id\":\"https:\/\/smartecarte.com\/united-states\/\",\"url\":\"https:\/\/smartecarte.com\/united-states\/\",\"name\":\"USA - Smartecarte\",\"isPartOf\":{\"@id\":\"https:\/\/smartecarte.com\/#website\"},\"primaryImageOfPage\":{\"@id\":\"https:\/\/smartecarte.com\/united-states\/#primaryimage\"},\"image\":{\"@id\":\"https:\/\/smartecarte.com\/united-states\/#primaryimage\"},\"thumbnailUrl\":\"https:\/\/smartecarte.com\/wp-content\/uploads\/2024\/05\/SmarteCarte_DFW_1157-update-scaled.jpg\",\"datePublished\":\"2023-12-06T08:58:59+00:00\",\"dateModified\":\"2024-10-31T07:13:57+00:00\",\"breadcrumb\":{\"@id\":\"https:\/\/smartecarte.com\/united-states\/#breadcrumb\"},\"inLanguage\":\"sv-SE\",\"potentialAction\":[{\"@type\":\"ReadAction\",\"target\":[\"https:\/\/smartecarte.com\/united-states\/\"]}]},{\"@type\":\"ImageObject\",\"inLanguage\":\"sv-SE\",\"@id\":\"https:\/\/smartecarte.com\/united-states\/#primaryimage\",\"url\":\"https:\/\/smartecarte.com\/wp-content\/uploads\/2024\/05\/SmarteCarte_DFW_1157-update-scaled.jpg\",\"contentUrl\":\"https:\/\/smartecarte.com\/wp-content\/uploads\/2024\/05\/SmarteCarte_DFW_1157-update-scaled.jpg\"},{\"@type\":\"BreadcrumbList\",\"@id\":\"https:\/\/smartecarte.com\/united-states\/#breadcrumb\",\"itemListElement\":[{\"@type\":\"ListItem\",\"position\":1,\"name\":\"Home\",\"item\":\"https:\/\/smartecarte.com\/\"},{\"@type\":\"ListItem\",\"position\":2,\"name\":\"USA\"}]},{\"@type\":\"WebSite\",\"@id\":\"https:\/\/smartecarte.com\/#website\",\"url\":\"https:\/\/smartecarte.com\/\",\"name\":\"Smartecarte\",\"description\":\"Transforming Travel and Leisure Worldwide\",\"publisher\":{\"@id\":\"https:\/\/smartecarte.com\/#organization\"},\"potentialAction\":[{\"@type\":\"SearchAction\",\"target\":{\"@type\":\"EntryPoint\",\"urlTemplate\":\"https:\/\/smartecarte.com\/?s={search_term_string}\"},\"query-input\":{\"@type\":\"PropertyValueSpecification\",\"valueRequired\":true,\"valueName\":\"search_term_string\"}}],\"inLanguage\":\"sv-SE\"},{\"@type\":\"Organization\",\"@id\":\"https:\/\/smartecarte.com\/#organization\",\"name\":\"Smartecarte\",\"url\":\"https:\/\/smartecarte.com\/\",\"logo\":{\"@type\":\"ImageObject\",\"inLanguage\":\"sv-SE\",\"@id\":\"https:\/\/smartecarte.com\/#\/schema\/logo\/image\/\",\"url\":\"https:\/\/smartecarte.com\/wp-content\/uploads\/2023\/04\/Logo-5-1.png\",\"contentUrl\":\"https:\/\/smartecarte.com\/wp-content\/uploads\/2023\/04\/Logo-5-1.png\",\"width\":300,\"height\":48,\"caption\":\"Smartecarte\"},\"image\":{\"@id\":\"https:\/\/smartecarte.com\/#\/schema\/logo\/image\/\"}}]}<\/script>\n<!-- \/ Yoast SEO plugin. -->","yoast_head_json":{"title":"USA - Smartecarte","robots":{"index":"index","follow":"follow","max-snippet":"max-snippet:-1","max-image-preview":"max-image-preview:large","max-video-preview":"max-video-preview:-1"},"canonical":"https:\/\/smartecarte.com\/united-states\/","og_locale":"sv_SE","og_type":"article","og_title":"USA - Smartecarte","og_description":"F\u00f6renta staterna P\u00e5 Smarte Carte \u00e4r v\u00e5rt k\u00e4rnuppdrag att f\u00f6rb\u00e4ttra din resa, s\u00e5 att den inte bara blir smidigare utan ocks\u00e5 mer njutbar. Vi f\u00f6rst\u00e5r att resen\u00e4rer har olika behov, oavsett om det \u00e4r bekv\u00e4m bagagef\u00f6rvaring, hj\u00e4lp med borttappade f\u00f6rem\u00e5l, ett varmt och personligt v\u00e4lkomnande eller v\u00e5r p\u00e5litliga b\u00e4rartj\u00e4nst \u2013 vi finns h\u00e4r f\u00f6r att [&hellip;]","og_url":"https:\/\/smartecarte.com\/united-states\/","og_site_name":"Smartecarte","article_modified_time":"2024-10-31T07:13:57+00:00","og_image":[{"width":2560,"height":1137,"url":"https:\/\/smartecarte.com\/wp-content\/uploads\/2024\/05\/SmarteCarte_DFW_1157-update-scaled.jpg","type":"image\/jpeg"}],"twitter_card":"summary_large_image","twitter_misc":{"Ber\u00e4knad l\u00e4stid":"1 minut"},"schema":{"@context":"https:\/\/schema.org","@graph":[{"@type":"WebPage","@id":"https:\/\/smartecarte.com\/united-states\/","url":"https:\/\/smartecarte.com\/united-states\/","name":"USA - Smartecarte","isPartOf":{"@id":"https:\/\/smartecarte.com\/#website"},"primaryImageOfPage":{"@id":"https:\/\/smartecarte.com\/united-states\/#primaryimage"},"image":{"@id":"https:\/\/smartecarte.com\/united-states\/#primaryimage"},"thumbnailUrl":"https:\/\/smartecarte.com\/wp-content\/uploads\/2024\/05\/SmarteCarte_DFW_1157-update-scaled.jpg","datePublished":"2023-12-06T08:58:59+00:00","dateModified":"2024-10-31T07:13:57+00:00","breadcrumb":{"@id":"https:\/\/smartecarte.com\/united-states\/#breadcrumb"},"inLanguage":"sv-SE","potentialAction":[{"@type":"ReadAction","target":["https:\/\/smartecarte.com\/united-states\/"]}]},{"@type":"ImageObject","inLanguage":"sv-SE","@id":"https:\/\/smartecarte.com\/united-states\/#primaryimage","url":"https:\/\/smartecarte.com\/wp-content\/uploads\/2024\/05\/SmarteCarte_DFW_1157-update-scaled.jpg","contentUrl":"https:\/\/smartecarte.com\/wp-content\/uploads\/2024\/05\/SmarteCarte_DFW_1157-update-scaled.jpg"},{"@type":"BreadcrumbList","@id":"https:\/\/smartecarte.com\/united-states\/#breadcrumb","itemListElement":[{"@type":"ListItem","position":1,"name":"Home","item":"https:\/\/smartecarte.com\/"},{"@type":"ListItem","position":2,"name":"USA"}]},{"@type":"WebSite","@id":"https:\/\/smartecarte.com\/#website","url":"https:\/\/smartecarte.com\/","name":"Smartecarte","description":"Transforming Travel and Leisure Worldwide","publisher":{"@id":"https:\/\/smartecarte.com\/#organization"},"potentialAction":[{"@type":"SearchAction","target":{"@type":"EntryPoint","urlTemplate":"https:\/\/smartecarte.com\/?s={search_term_string}"},"query-input":{"@type":"PropertyValueSpecification","valueRequired":true,"valueName":"search_term_string"}}],"inLanguage":"sv-SE"},{"@type":"Organization","@id":"https:\/\/smartecarte.com\/#organization","name":"Smartecarte","url":"https:\/\/smartecarte.com\/","logo":{"@type":"ImageObject","inLanguage":"sv-SE","@id":"https:\/\/smartecarte.com\/#\/schema\/logo\/image\/","url":"https:\/\/smartecarte.com\/wp-content\/uploads\/2023\/04\/Logo-5-1.png","contentUrl":"https:\/\/smartecarte.com\/wp-content\/uploads\/2023\/04\/Logo-5-1.png","width":300,"height":48,"caption":"Smartecarte"},"image":{"@id":"https:\/\/smartecarte.com\/#\/schema\/logo\/image\/"}}]}},"featured_image_src":null,"featured_image_src_square":null,"_links":{"self":[{"href":"https:\/\/smartecarte.com\/sv\/wp-json\/wp\/v2\/pages\/6442","targetHints":{"allow":["GET"]}}],"collection":[{"href":"https:\/\/smartecarte.com\/sv\/wp-json\/wp\/v2\/pages"}],"about":[{"href":"https:\/\/smartecarte.com\/sv\/wp-json\/wp\/v2\/types\/page"}],"author":[{"embeddable":true,"href":"https:\/\/smartecarte.com\/sv\/wp-json\/wp\/v2\/users\/3"}],"replies":[{"embeddable":true,"href":"https:\/\/smartecarte.com\/sv\/wp-json\/wp\/v2\/comments?post=6442"}],"version-history":[{"count":0,"href":"https:\/\/smartecarte.com\/sv\/wp-json\/wp\/v2\/pages\/6442\/revisions"}],"wp:attachment":[{"href":"https:\/\/smartecarte.com\/sv\/wp-json\/wp\/v2\/media?parent=6442"}],"curies":[{"name":"wp","href":"https:\/\/api.w.org\/{rel}","templated":true}]}}